{"id":2889,"date":"2020-03-13T12:38:11","date_gmt":"2020-03-13T12:38:11","guid":{"rendered":"https:\/\/demo.ovatheme.com\/ireca\/?post_type=product&#038;p=2889"},"modified":"2025-04-13T00:50:34","modified_gmt":"2025-04-12T23:50:34","slug":"vw-touareg","status":"publish","type":"product","link":"https:\/\/autovitecar.com\/fr\/product\/vw-touareg\/","title":{"rendered":"VW TOUAREG 2024"},"content":{"rendered":"<h1>Location VW Touareg Automatique au Maroc<\/h1>\n<p>le Touareg offre une conduite confortable et et luxueuse avec performance super lors votre location de VW au Maroc, avec\u00a0280 ch accoupl\u00e9 \u00e0 une bo\u00eete de vitesses automatique \u00e0 huit.<\/p>\n<p>VW Touareg est grande 4\u00d74 confortable de luxe disponible \u00e0 louer partout au Maroc d\u00e8s 90<\/p>\n<h2>Location Touareg \u00e0 Marrakech<\/h2>\n<p>les avantage de Touareg: peut vous rendre o\u00f9 vous voulez \u00eatre. Sa bo\u00eete automatique \u00e0 8 vous permet de passer de mani\u00e8re transparente et facilement \u00e0 votre destination sur Marrakech.<\/p>\n<p>Profiter de nos tarifs pas cher de location VW Touareg \u00e0 Marrakech A\u00e9roport ou \u00e0 l\u2019agence de Auto Vite Car au centre ville du Marrakech.<\/p>\n<h2>Location Touareg \u00e0 Agadir<\/h2>\n<p>Volkswagen a augment\u00e9 le niveau d\u2019\u00e9quipement sur la 4\u00d74 Touareg, ce qui rend le r\u00e9gulateur de vitesse adaptatif, l\u2019avant-avertissement de collision, d\u2019un freinage d\u2019urgence automatique.<\/p>\n<p>Profitez de l\u2019offre pas cher de location VW Touareg \u00e0 Agadir A\u00e9roport ou centre ville d\u2019Agadir.<\/p>\n<p>Plus, Livraison de VW Touareg \u00e0 Essaouira, Mirleft, Taghazout et autres destinations proche \u00e0 Agadir.<\/p>\n<h3>\u00a0VW Touareg \u00e0 Casablanca et Rabat<\/h3>\n<p>Cette 4\u00d74 a \u00e9t\u00e9 d\u00e9velopp\u00e9 \u00e0 partir d\u2019une plate-forme partag\u00e9e avec la premi\u00e8re g\u00e9n\u00e9ration du Porsche Cayenne, sa suspension dure, et la dynamique de conduite sont d\u2019accord, Et comme \u00e7a, le VW est un tout-terrain. R\u00e9server maintenant pour une location de VW Touareg Diesel et automatique \u00e0 Casablanca, Rabat \u00e0 l\u2019a\u00e9roport.<\/p>\n","protected":false},"excerpt":{"rendered":"<p>Lorem Ipsum is simply dummy text of the printing and typesetting industry. Lorem Ipsum has been the industry&rsquo;s standard dummy text ever since the 1500<\/p>\n","protected":false},"featured_media":3518,"template":"","meta":[],"product_brand":[],"product_cat":[62,71],"product_tag":[37],"class_list":{"0":"post-2889","1":"product","2":"type-product","3":"status-publish","4":"has-post-thumbnail","6":"type-car","7":"type-sedan","8":"manufacturer-bmw","9":"steering-right","10":"gearbox-automatic","11":"auto_park-my-cars","12":"product_cat-car","13":"product_cat-voiture-4x4","14":"product_tag-mercedes-benz-2018","16":"first","17":"instock","18":"shipping-taxable","19":"purchasable","20":"product-type-ovacrs_car_rental"},"yoast_head":"<!-- This site is optimized with the Yoast SEO plugin v26.3 - https:\/\/yoast.com\/wordpress\/plugins\/seo\/ -->\n<title>VW TOUAREG 2024 - Auto Vite Car<\/title>\n<meta name=\"description\" content=\"Location VW Touareg Automatique au Maroc. le Touareg offre une conduite confortable et et luxueuse avec performance super lors votre location de VW\" \/>\n<meta name=\"robots\" content=\"index, follow, max-snippet:-1, max-image-preview:large, max-video-preview:-1\" \/>\n<link rel=\"canonical\" href=\"https:\/\/autovitecar.com\/fr\/product\/vw-touareg\/\" \/>\n<meta property=\"og:locale\" content=\"fr_FR\" \/>\n<meta property=\"og:type\" content=\"article\" \/>\n<meta property=\"og:title\" content=\"VW TOUAREG 2024 - Auto Vite Car\" \/>\n<meta property=\"og:description\" content=\"Location VW Touareg Automatique au Maroc. le Touareg offre une conduite confortable et et luxueuse avec performance super lors votre location de VW\" \/>\n<meta property=\"og:url\" content=\"https:\/\/autovitecar.com\/fr\/product\/vw-touareg\/\" \/>\n<meta property=\"og:site_name\" content=\"Auto Vite Car\" \/>\n<meta property=\"article:modified_time\" content=\"2025-04-12T23:50:34+00:00\" \/>\n<meta property=\"og:image\" content=\"https:\/\/autovitecar.com\/wp-content\/uploads\/2020\/03\/wvtouareg.png\" \/>\n\t<meta property=\"og:image:width\" content=\"1674\" \/>\n\t<meta property=\"og:image:height\" content=\"1214\" \/>\n\t<meta property=\"og:image:type\" content=\"image\/png\" \/>\n<meta name=\"twitter:card\" content=\"summary_large_image\" \/>\n<meta name=\"twitter:label1\" content=\"Dur\u00e9e de lecture estim\u00e9e\" \/>\n\t<meta name=\"twitter:data1\" content=\"2 minutes\" \/>\n<script type=\"application\/ld+json\" class=\"yoast-schema-graph\">{\"@context\":\"https:\/\/schema.org\",\"@graph\":[{\"@type\":\"WebPage\",\"@id\":\"https:\/\/autovitecar.com\/product\/vw-touareg\/\",\"url\":\"https:\/\/autovitecar.com\/product\/vw-touareg\/\",\"name\":\"VW TOUAREG 2024 - Auto Vite Car\",\"isPartOf\":{\"@id\":\"https:\/\/autovitecar.com\/#website\"},\"primaryImageOfPage\":{\"@id\":\"https:\/\/autovitecar.com\/product\/vw-touareg\/#primaryimage\"},\"image\":{\"@id\":\"https:\/\/autovitecar.com\/product\/vw-touareg\/#primaryimage\"},\"thumbnailUrl\":\"https:\/\/autovitecar.com\/wp-content\/uploads\/2020\/03\/wvtouareg.png\",\"datePublished\":\"2020-03-13T12:38:11+00:00\",\"dateModified\":\"2025-04-12T23:50:34+00:00\",\"description\":\"Location VW Touareg Automatique au Maroc. le Touareg offre une conduite confortable et et luxueuse avec performance super lors votre location de VW\",\"breadcrumb\":{\"@id\":\"https:\/\/autovitecar.com\/product\/vw-touareg\/#breadcrumb\"},\"inLanguage\":\"fr-FR\",\"potentialAction\":[{\"@type\":\"ReadAction\",\"target\":[\"https:\/\/autovitecar.com\/product\/vw-touareg\/\"]}]},{\"@type\":\"ImageObject\",\"inLanguage\":\"fr-FR\",\"@id\":\"https:\/\/autovitecar.com\/product\/vw-touareg\/#primaryimage\",\"url\":\"https:\/\/autovitecar.com\/wp-content\/uploads\/2020\/03\/wvtouareg.png\",\"contentUrl\":\"https:\/\/autovitecar.com\/wp-content\/uploads\/2020\/03\/wvtouareg.png\",\"width\":1674,\"height\":1214},{\"@type\":\"BreadcrumbList\",\"@id\":\"https:\/\/autovitecar.com\/product\/vw-touareg\/#breadcrumb\",\"itemListElement\":[{\"@type\":\"ListItem\",\"position\":1,\"name\":\"Home\",\"item\":\"https:\/\/autovitecar.com\/\"},{\"@type\":\"ListItem\",\"position\":2,\"name\":\"Shop\",\"item\":\"https:\/\/autovitecar.com\/shop-2\/\"},{\"@type\":\"ListItem\",\"position\":3,\"name\":\"VW TOUAREG 2024\"}]},{\"@type\":\"WebSite\",\"@id\":\"https:\/\/autovitecar.com\/#website\",\"url\":\"https:\/\/autovitecar.com\/\",\"name\":\"Auto Vite Car\",\"description\":\"Agence de location voiture Agadir\",\"potentialAction\":[{\"@type\":\"SearchAction\",\"target\":{\"@type\":\"EntryPoint\",\"urlTemplate\":\"https:\/\/autovitecar.com\/?s={search_term_string}\"},\"query-input\":{\"@type\":\"PropertyValueSpecification\",\"valueRequired\":true,\"valueName\":\"search_term_string\"}}],\"inLanguage\":\"fr-FR\"}]}<\/script>\n<!-- \/ Yoast SEO plugin. -->","yoast_head_json":{"title":"VW TOUAREG 2024 - Auto Vite Car","description":"Location VW Touareg Automatique au Maroc. le Touareg offre une conduite confortable et et luxueuse avec performance super lors votre location de VW","robots":{"index":"index","follow":"follow","max-snippet":"max-snippet:-1","max-image-preview":"max-image-preview:large","max-video-preview":"max-video-preview:-1"},"canonical":"https:\/\/autovitecar.com\/fr\/product\/vw-touareg\/","og_locale":"fr_FR","og_type":"article","og_title":"VW TOUAREG 2024 - Auto Vite Car","og_description":"Location VW Touareg Automatique au Maroc. le Touareg offre une conduite confortable et et luxueuse avec performance super lors votre location de VW","og_url":"https:\/\/autovitecar.com\/fr\/product\/vw-touareg\/","og_site_name":"Auto Vite Car","article_modified_time":"2025-04-12T23:50:34+00:00","og_image":[{"width":1674,"height":1214,"url":"https:\/\/autovitecar.com\/wp-content\/uploads\/2020\/03\/wvtouareg.png","type":"image\/png"}],"twitter_card":"summary_large_image","twitter_misc":{"Dur\u00e9e de lecture estim\u00e9e":"2 minutes"},"schema":{"@context":"https:\/\/schema.org","@graph":[{"@type":"WebPage","@id":"https:\/\/autovitecar.com\/product\/vw-touareg\/","url":"https:\/\/autovitecar.com\/product\/vw-touareg\/","name":"VW TOUAREG 2024 - Auto Vite Car","isPartOf":{"@id":"https:\/\/autovitecar.com\/#website"},"primaryImageOfPage":{"@id":"https:\/\/autovitecar.com\/product\/vw-touareg\/#primaryimage"},"image":{"@id":"https:\/\/autovitecar.com\/product\/vw-touareg\/#primaryimage"},"thumbnailUrl":"https:\/\/autovitecar.com\/wp-content\/uploads\/2020\/03\/wvtouareg.png","datePublished":"2020-03-13T12:38:11+00:00","dateModified":"2025-04-12T23:50:34+00:00","description":"Location VW Touareg Automatique au Maroc. le Touareg offre une conduite confortable et et luxueuse avec performance super lors votre location de VW","breadcrumb":{"@id":"https:\/\/autovitecar.com\/product\/vw-touareg\/#breadcrumb"},"inLanguage":"fr-FR","potentialAction":[{"@type":"ReadAction","target":["https:\/\/autovitecar.com\/product\/vw-touareg\/"]}]},{"@type":"ImageObject","inLanguage":"fr-FR","@id":"https:\/\/autovitecar.com\/product\/vw-touareg\/#primaryimage","url":"https:\/\/autovitecar.com\/wp-content\/uploads\/2020\/03\/wvtouareg.png","contentUrl":"https:\/\/autovitecar.com\/wp-content\/uploads\/2020\/03\/wvtouareg.png","width":1674,"height":1214},{"@type":"BreadcrumbList","@id":"https:\/\/autovitecar.com\/product\/vw-touareg\/#breadcrumb","itemListElement":[{"@type":"ListItem","position":1,"name":"Home","item":"https:\/\/autovitecar.com\/"},{"@type":"ListItem","position":2,"name":"Shop","item":"https:\/\/autovitecar.com\/shop-2\/"},{"@type":"ListItem","position":3,"name":"VW TOUAREG 2024"}]},{"@type":"WebSite","@id":"https:\/\/autovitecar.com\/#website","url":"https:\/\/autovitecar.com\/","name":"Auto Vite Car","description":"Agence de location voiture Agadir","potentialAction":[{"@type":"SearchAction","target":{"@type":"EntryPoint","urlTemplate":"https:\/\/autovitecar.com\/?s={search_term_string}"},"query-input":{"@type":"PropertyValueSpecification","valueRequired":true,"valueName":"search_term_string"}}],"inLanguage":"fr-FR"}]}},"jetpack_sharing_enabled":true,"_links":{"self":[{"href":"https:\/\/autovitecar.com\/fr\/wp-json\/wp\/v2\/product\/2889","targetHints":{"allow":["GET"]}}],"collection":[{"href":"https:\/\/autovitecar.com\/fr\/wp-json\/wp\/v2\/product"}],"about":[{"href":"https:\/\/autovitecar.com\/fr\/wp-json\/wp\/v2\/types\/product"}],"wp:featuredmedia":[{"embeddable":true,"href":"https:\/\/autovitecar.com\/fr\/wp-json\/wp\/v2\/media\/3518"}],"wp:attachment":[{"href":"https:\/\/autovitecar.com\/fr\/wp-json\/wp\/v2\/media?parent=2889"}],"wp:term":[{"taxonomy":"product_brand","embeddable":true,"href":"https:\/\/autovitecar.com\/fr\/wp-json\/wp\/v2\/product_brand?post=2889"},{"taxonomy":"product_cat","embeddable":true,"href":"https:\/\/autovitecar.com\/fr\/wp-json\/wp\/v2\/product_cat?post=2889"},{"taxonomy":"product_tag","embeddable":true,"href":"https:\/\/autovitecar.com\/fr\/wp-json\/wp\/v2\/product_tag?post=2889"}],"curies":[{"name":"wp","href":"https:\/\/api.w.org\/{rel}","templated":true}]}}