{"id":1668,"date":"2018-08-03T03:18:11","date_gmt":"2018-08-03T03:18:11","guid":{"rendered":"https:\/\/demo.ovatheme.com\/ireca\/?post_type=product&#038;p=1668"},"modified":"2025-04-09T20:54:33","modified_gmt":"2025-04-09T19:54:33","slug":"dacia-duster","status":"publish","type":"product","link":"https:\/\/autovitecar.com\/fr\/product\/dacia-duster\/","title":{"rendered":"DACIA DUSTER Manuel 2024"},"content":{"rendered":"<div id=\"content\" class=\"col-md-9 content\">\n<div class=\"row\">\n<div class=\"col-sm-12 hidden-xs\">\n<h2>Dacia duster de location \u00e0\u00a0Agadir: Un 4&#215;4 pour des parcours de choc<\/h2>\n<p>Vous pr\u00e9parez un p\u00e9riple au Maroc ? Que vous soyez en famille ou entre amis, si vous aimez les sensations fortes, optez pour la location d\u2019un 4&#215;4 Dacia Duster. Pourquoi ? Tout simplement parce que vous allez \u00eatre s\u00e9duit par sa fi\u00e8re allure et par ses performances imbattables ! Besoin de raisons suppl\u00e9mentaires ? Et bien, vous pouvez obtenir une location au meilleur prix sur Auto Vite Car. Autre chose ?<\/p>\n<h2>Location Dacia Duster : quand praticit\u00e9 rime avec prestige<\/h2>\n<p>En choisissant de louer un Dacia Duster, vous investissez dans la qualit\u00e9 et le prestige. Contemplez les minutieuses finitions de cette \u00e9l\u00e9gante auto. Des \u00e9quipements complets issus d\u2019une technologie de pointe, des jantes en aluminium, un design soign\u00e9 \u00e0 l\u2019int\u00e9rieur comme \u00e0 l\u2019ext\u00e9rieur\u2026 Cette voiture fr\u00f4le la perfection. En plus de tout cela, ce 4&#215;4 est dot\u00e9 de multiples aspects pratiques qui servent \u00e0 faciliter la vie du conducteur et \u00e0 augmenter son confort ainsi que celui des passagers. Aussi, appr\u00e9ciez la pr\u00e9sence d\u2019une climatisation manuelle, d\u2019un ABS, d\u2019un r\u00e9gulateur et limiteur de vitesse et de phares antibrouillard. Le must ? Le kit Dacia Plug &amp; Radio compos\u00e9 d\u2019une radio, d\u2019un lecteur CD\/MP3, de prises Jack et USB, d\u2019un syst\u00e8me de t\u00e9l\u00e9phonie Bluetooth. Les commandes de ce dispositif innovant se trouvent au volant.<\/p>\n<h2>Louer un Dacia Duster pour parcourir le Maroc<\/h2>\n<p>Ah le Maroc, ce pays exotique o\u00f9 les nuances de couleurs chaudes vont droit au c\u0153ur\u2026 Vous vous y rendez ? Dans ce cas, il vous faut imp\u00e9rativement une belle voiture pour que la visite soit compl\u00e8te ! Justement, la Dacia Duster de location est disponible chez Auto Vite Car et \u00e0 un prix tr\u00e8s comp\u00e9titif. D\u00e9couvrez ce 4&#215;4 robuste et r\u00e9guli\u00e8rement entretenu par une excellente \u00e9quipe. Gr\u00e2ce \u00e0 cette location, vous pourrez allier \u00e9conomies et plaisir. Prenez le volant, sentez cette ivresse et ce d\u00e9sir de conqu\u00e9rir le monde et d\u00e9marrez ! Agadir, Casablanca, Marrakech\u2026 Rendez-vous o\u00f9 votre instinct vous guidera. Circulez en toute s\u00e9curit\u00e9 dans l\u2019ensemble du pays et profitez d\u2019une exp\u00e9rience de conduite \u00e0 part enti\u00e8re. Faites d\u00e9couvrir ce magnifique royaume \u00e0 vos enfants en leur apprenant le gout de la beaut\u00e9 et du sublime. Voil\u00e0 un s\u00e9jour dont vous vous souviendrez !<\/p>\n<\/div>\n<\/div>\n<\/div>\n<aside id=\"sidebar\" class=\"col-md-3 hidden-xs sidebar\">\n<div class=\"widget shadow widget-find-car\"><\/div>\n<\/aside>\n","protected":false},"excerpt":{"rendered":"<p>Lorem Ipsum is simply dummy text of the printing and typesetting industry. Lorem Ipsum has been the industry&rsquo;s standard dummy text ever since the 1500<\/p>\n","protected":false},"featured_media":3513,"template":"","meta":[],"product_brand":[],"product_cat":[62,71],"product_tag":[37],"class_list":{"0":"post-1668","1":"product","2":"type-product","3":"status-publish","4":"has-post-thumbnail","6":"type-car","7":"type-suv","8":"manufacturer-lexus","9":"steering-left","10":"gearbox-automatic","11":"auto_park-my-cars","12":"product_cat-car","13":"product_cat-voiture-4x4","14":"product_tag-mercedes-benz-2018","16":"first","17":"instock","18":"shipping-taxable","19":"purchasable","20":"product-type-ovacrs_car_rental"},"yoast_head":"<!-- This site is optimized with the Yoast SEO plugin v26.3 - https:\/\/yoast.com\/wordpress\/plugins\/seo\/ -->\n<title>DACIA DUSTER Manuel 2024 - Auto Vite Car<\/title>\n<meta name=\"description\" content=\"Dacia duster de location \u00e0 Agadir: Un 4x4 pour des parcours de choc . Location Dacia Duster : quand praticit\u00e9 rime avec prestige\" \/>\n<meta name=\"robots\" content=\"index, follow, max-snippet:-1, max-image-preview:large, max-video-preview:-1\" \/>\n<link rel=\"canonical\" href=\"https:\/\/autovitecar.com\/fr\/product\/dacia-duster\/\" \/>\n<meta property=\"og:locale\" content=\"fr_FR\" \/>\n<meta property=\"og:type\" content=\"article\" \/>\n<meta property=\"og:title\" content=\"DACIA DUSTER Manuel 2024 - Auto Vite Car\" \/>\n<meta property=\"og:description\" content=\"Dacia duster de location \u00e0 Agadir: Un 4x4 pour des parcours de choc . Location Dacia Duster : quand praticit\u00e9 rime avec prestige\" \/>\n<meta property=\"og:url\" content=\"https:\/\/autovitecar.com\/fr\/product\/dacia-duster\/\" \/>\n<meta property=\"og:site_name\" content=\"Auto Vite Car\" \/>\n<meta property=\"article:modified_time\" content=\"2025-04-09T19:54:33+00:00\" \/>\n<meta property=\"og:image\" content=\"https:\/\/autovitecar.com\/wp-content\/uploads\/2018\/08\/dacia-duster-2024-autovitecar.png\" \/>\n\t<meta property=\"og:image:width\" content=\"1280\" \/>\n\t<meta property=\"og:image:height\" content=\"974\" \/>\n\t<meta property=\"og:image:type\" content=\"image\/png\" \/>\n<meta name=\"twitter:card\" content=\"summary_large_image\" \/>\n<meta name=\"twitter:label1\" content=\"Dur\u00e9e de lecture estim\u00e9e\" \/>\n\t<meta name=\"twitter:data1\" content=\"2 minutes\" \/>\n<script type=\"application\/ld+json\" class=\"yoast-schema-graph\">{\"@context\":\"https:\/\/schema.org\",\"@graph\":[{\"@type\":\"WebPage\",\"@id\":\"https:\/\/autovitecar.com\/product\/dacia-duster\/\",\"url\":\"https:\/\/autovitecar.com\/product\/dacia-duster\/\",\"name\":\"DACIA DUSTER Manuel 2024 - Auto Vite Car\",\"isPartOf\":{\"@id\":\"https:\/\/autovitecar.com\/#website\"},\"primaryImageOfPage\":{\"@id\":\"https:\/\/autovitecar.com\/product\/dacia-duster\/#primaryimage\"},\"image\":{\"@id\":\"https:\/\/autovitecar.com\/product\/dacia-duster\/#primaryimage\"},\"thumbnailUrl\":\"https:\/\/autovitecar.com\/wp-content\/uploads\/2018\/08\/dacia-duster-2024-autovitecar.png\",\"datePublished\":\"2018-08-03T03:18:11+00:00\",\"dateModified\":\"2025-04-09T19:54:33+00:00\",\"description\":\"Dacia duster de location \u00e0 Agadir: Un 4x4 pour des parcours de choc . Location Dacia Duster : quand praticit\u00e9 rime avec prestige\",\"breadcrumb\":{\"@id\":\"https:\/\/autovitecar.com\/product\/dacia-duster\/#breadcrumb\"},\"inLanguage\":\"fr-FR\",\"potentialAction\":[{\"@type\":\"ReadAction\",\"target\":[\"https:\/\/autovitecar.com\/product\/dacia-duster\/\"]}]},{\"@type\":\"ImageObject\",\"inLanguage\":\"fr-FR\",\"@id\":\"https:\/\/autovitecar.com\/product\/dacia-duster\/#primaryimage\",\"url\":\"https:\/\/autovitecar.com\/wp-content\/uploads\/2018\/08\/dacia-duster-2024-autovitecar.png\",\"contentUrl\":\"https:\/\/autovitecar.com\/wp-content\/uploads\/2018\/08\/dacia-duster-2024-autovitecar.png\",\"width\":1280,\"height\":974},{\"@type\":\"BreadcrumbList\",\"@id\":\"https:\/\/autovitecar.com\/product\/dacia-duster\/#breadcrumb\",\"itemListElement\":[{\"@type\":\"ListItem\",\"position\":1,\"name\":\"Home\",\"item\":\"https:\/\/autovitecar.com\/\"},{\"@type\":\"ListItem\",\"position\":2,\"name\":\"Shop\",\"item\":\"https:\/\/autovitecar.com\/shop-2\/\"},{\"@type\":\"ListItem\",\"position\":3,\"name\":\"DACIA DUSTER Manuel 2024\"}]},{\"@type\":\"WebSite\",\"@id\":\"https:\/\/autovitecar.com\/#website\",\"url\":\"https:\/\/autovitecar.com\/\",\"name\":\"Auto Vite Car\",\"description\":\"Agence de location voiture Agadir\",\"potentialAction\":[{\"@type\":\"SearchAction\",\"target\":{\"@type\":\"EntryPoint\",\"urlTemplate\":\"https:\/\/autovitecar.com\/?s={search_term_string}\"},\"query-input\":{\"@type\":\"PropertyValueSpecification\",\"valueRequired\":true,\"valueName\":\"search_term_string\"}}],\"inLanguage\":\"fr-FR\"}]}<\/script>\n<!-- \/ Yoast SEO plugin. -->","yoast_head_json":{"title":"DACIA DUSTER Manuel 2024 - Auto Vite Car","description":"Dacia duster de location \u00e0 Agadir: Un 4x4 pour des parcours de choc . Location Dacia Duster : quand praticit\u00e9 rime avec prestige","robots":{"index":"index","follow":"follow","max-snippet":"max-snippet:-1","max-image-preview":"max-image-preview:large","max-video-preview":"max-video-preview:-1"},"canonical":"https:\/\/autovitecar.com\/fr\/product\/dacia-duster\/","og_locale":"fr_FR","og_type":"article","og_title":"DACIA DUSTER Manuel 2024 - Auto Vite Car","og_description":"Dacia duster de location \u00e0 Agadir: Un 4x4 pour des parcours de choc . Location Dacia Duster : quand praticit\u00e9 rime avec prestige","og_url":"https:\/\/autovitecar.com\/fr\/product\/dacia-duster\/","og_site_name":"Auto Vite Car","article_modified_time":"2025-04-09T19:54:33+00:00","og_image":[{"width":1280,"height":974,"url":"https:\/\/autovitecar.com\/wp-content\/uploads\/2018\/08\/dacia-duster-2024-autovitecar.png","type":"image\/png"}],"twitter_card":"summary_large_image","twitter_misc":{"Dur\u00e9e de lecture estim\u00e9e":"2 minutes"},"schema":{"@context":"https:\/\/schema.org","@graph":[{"@type":"WebPage","@id":"https:\/\/autovitecar.com\/product\/dacia-duster\/","url":"https:\/\/autovitecar.com\/product\/dacia-duster\/","name":"DACIA DUSTER Manuel 2024 - Auto Vite Car","isPartOf":{"@id":"https:\/\/autovitecar.com\/#website"},"primaryImageOfPage":{"@id":"https:\/\/autovitecar.com\/product\/dacia-duster\/#primaryimage"},"image":{"@id":"https:\/\/autovitecar.com\/product\/dacia-duster\/#primaryimage"},"thumbnailUrl":"https:\/\/autovitecar.com\/wp-content\/uploads\/2018\/08\/dacia-duster-2024-autovitecar.png","datePublished":"2018-08-03T03:18:11+00:00","dateModified":"2025-04-09T19:54:33+00:00","description":"Dacia duster de location \u00e0 Agadir: Un 4x4 pour des parcours de choc . Location Dacia Duster : quand praticit\u00e9 rime avec prestige","breadcrumb":{"@id":"https:\/\/autovitecar.com\/product\/dacia-duster\/#breadcrumb"},"inLanguage":"fr-FR","potentialAction":[{"@type":"ReadAction","target":["https:\/\/autovitecar.com\/product\/dacia-duster\/"]}]},{"@type":"ImageObject","inLanguage":"fr-FR","@id":"https:\/\/autovitecar.com\/product\/dacia-duster\/#primaryimage","url":"https:\/\/autovitecar.com\/wp-content\/uploads\/2018\/08\/dacia-duster-2024-autovitecar.png","contentUrl":"https:\/\/autovitecar.com\/wp-content\/uploads\/2018\/08\/dacia-duster-2024-autovitecar.png","width":1280,"height":974},{"@type":"BreadcrumbList","@id":"https:\/\/autovitecar.com\/product\/dacia-duster\/#breadcrumb","itemListElement":[{"@type":"ListItem","position":1,"name":"Home","item":"https:\/\/autovitecar.com\/"},{"@type":"ListItem","position":2,"name":"Shop","item":"https:\/\/autovitecar.com\/shop-2\/"},{"@type":"ListItem","position":3,"name":"DACIA DUSTER Manuel 2024"}]},{"@type":"WebSite","@id":"https:\/\/autovitecar.com\/#website","url":"https:\/\/autovitecar.com\/","name":"Auto Vite Car","description":"Agence de location voiture Agadir","potentialAction":[{"@type":"SearchAction","target":{"@type":"EntryPoint","urlTemplate":"https:\/\/autovitecar.com\/?s={search_term_string}"},"query-input":{"@type":"PropertyValueSpecification","valueRequired":true,"valueName":"search_term_string"}}],"inLanguage":"fr-FR"}]}},"jetpack_sharing_enabled":true,"_links":{"self":[{"href":"https:\/\/autovitecar.com\/fr\/wp-json\/wp\/v2\/product\/1668","targetHints":{"allow":["GET"]}}],"collection":[{"href":"https:\/\/autovitecar.com\/fr\/wp-json\/wp\/v2\/product"}],"about":[{"href":"https:\/\/autovitecar.com\/fr\/wp-json\/wp\/v2\/types\/product"}],"wp:featuredmedia":[{"embeddable":true,"href":"https:\/\/autovitecar.com\/fr\/wp-json\/wp\/v2\/media\/3513"}],"wp:attachment":[{"href":"https:\/\/autovitecar.com\/fr\/wp-json\/wp\/v2\/media?parent=1668"}],"wp:term":[{"taxonomy":"product_brand","embeddable":true,"href":"https:\/\/autovitecar.com\/fr\/wp-json\/wp\/v2\/product_brand?post=1668"},{"taxonomy":"product_cat","embeddable":true,"href":"https:\/\/autovitecar.com\/fr\/wp-json\/wp\/v2\/product_cat?post=1668"},{"taxonomy":"product_tag","embeddable":true,"href":"https:\/\/autovitecar.com\/fr\/wp-json\/wp\/v2\/product_tag?post=1668"}],"curies":[{"name":"wp","href":"https:\/\/api.w.org\/{rel}","templated":true}]}}