{"id":1636,"date":"2018-08-03T02:08:27","date_gmt":"2018-08-03T02:08:27","guid":{"rendered":"https:\/\/demo.ovatheme.com\/ireca\/?post_type=product&#038;p=1636"},"modified":"2025-04-09T20:17:11","modified_gmt":"2025-04-09T19:17:11","slug":"clio-4-diesel","status":"publish","type":"product","link":"https:\/\/autovitecar.com\/fr\/product\/clio-4-diesel\/","title":{"rendered":"Clio 4 Diesel Automatique"},"content":{"rendered":"<h1>Location Clio 4 Diesel Automatique Au Maroc<\/h1>\n<p>Nous livrons Clio 4 diesel sur plusieurs endroits au Maroc: parmi Agadir, Marrakech, Casablanca et Rabat \u00e0 A\u00e9roport ou centre ville.<\/p>\n<p>Clio 4 est une voiture \u00e9l\u00e9gante offrons espace et confort tout en voyageant avec un cout r\u00e9duit, ce v\u00e9hicule est le meilleur choix \u00e9conomique parfait pour tout le monde.<\/p>\n<h2>Location Clio 4 Automatique \u00e0 Marrakech<\/h2>\n<p>Nous avons le service de location Clio 4 sur Marrakech le moins cher pour vous. Passez des vacances inoubliables \u00e0 Marrakech dans une voiture de location confortable comme la Clio 4, v\u00e9hicule s\u00fbre et fiable chez Auto Vite Car. Prix pas cher de location Clio 4 \u00e0 a\u00e9roport Marrakech ou centre ville tous \u00e0 votre convenance, plus, Transfert gratuit \u00e0 l\u2019a\u00e9roport du Marrakech.<\/p>\n<h2>Location Clio 4 Automatique \u00e0 Agadir<\/h2>\n<p>Nous aimerions vous offrir meilleure service de location clio 4 \u00e0 Agadir, A\u00e9roport, dans un \u00e9tat technique parfait et bien entretenu. Avec l\u2019agence Auto Vite Car,\u00a0 votre voyage sera confortable dans la ville d\u2019Agadir, Taghazout et Essaouira. R\u00e9servez avec l\u2019agence Auto Vite car\u00a0\u00e0 prix pas cher.<\/p>\n<h2 class=\"r\"><span dir=\"ltr\">Fiches techniques de Renault Clio 4 Automatique<\/span><\/h2>\n<ul>\n<li>r\u00e9troviseurs r\u00e9glables \u00e9lectriquement avec un large angle de visibilit\u00e9<\/li>\n<li>la consommation de carburant r\u00e9duite de seulement 5 litres\/100km (pour un moteur 1,4 MPI)<\/li>\n<li>un design \u00e9poustouflant, \u00e0 l\u2019int\u00e9rieur et surtout \u00e0 l\u2019ext\u00e9rieur,<\/li>\n<li>Clio 4 n\u2019a pas n\u00e9glig\u00e9 la s\u00e9curit\u00e9, cette voiture est \u00e9quip\u00e9e:<\/li>\n<li>syst\u00e8mes d\u2019assistance EBA<\/li>\n<li>le syst\u00e8me d\u2019airbag donne une protection compl\u00e8te pour les passagers.<\/li>\n<\/ul>\n<h3 class=\"sizeC\">Moteur de Clio 4<\/h3>\n<div class=\"colL\">\n<ul>\n<li><strong>Nombre de cylindres :<\/strong>\u00a04<\/li>\n<li><strong>Cylindr\u00e9e :<\/strong>\u00a01461 cc<\/li>\n<li><strong>Puissance din :<\/strong>\u00a0110 ch au r\u00e9gime de 4000 tr\/min<\/li>\n<li><strong>Couple moteur :<\/strong>\u00a0260 Nm au r\u00e9gime de 1750 tr\/min<\/li>\n<li><strong>Puissance fiscale :<\/strong>\u00a05 CV<\/li>\n<\/ul>\n<\/div>\n<h3 class=\"sizeC\">Performances<\/h3>\n<ul>\n<li class=\"colL b0\"><strong>Vitesse maximum :<\/strong>\u00a0194 km\/h<\/li>\n<li><strong>Transmission :<\/strong>\u00a0Avant<\/li>\n<li><strong>Boite :<\/strong>\u00a0M\u00e9canique<\/li>\n<li><strong>Nb. vitesses :<\/strong>\u00a06<\/li>\n<\/ul>\n<h3>Pourquoi louer Clio 4 Automatique avec nous<\/h3>\n<p>Nous vous rappelons que la location Clio 4 avec nous est un choix parfait et \u00e9conomique avec les options suivant: Kilom\u00e9trage illimit\u00e9, Si\u00e8ge b\u00e9b\u00e9 et 2\u00e9m conducteur gratuit. pour s\u2019assurer que vous serez pleinement satisfait, r\u00e9server Clio 4 \u00e0 Marrakech, Agadir, Casablanca ou Rabat par le formulaire de r\u00e9servation en haut.<\/p>\n","protected":false},"excerpt":{"rendered":"<p>Lorem Ipsum is simply dummy text of the printing and typesetting industry. Lorem Ipsum has been the industry&rsquo;s standard dummy text ever since the 1500<\/p>\n","protected":false},"featured_media":3386,"template":"","meta":[],"product_brand":[],"product_cat":[62,64],"product_tag":[37],"class_list":{"0":"post-1636","1":"product","2":"type-product","3":"status-publish","4":"has-post-thumbnail","6":"type-sedan","7":"manufacturer-lexus","8":"steering-left","9":"gearbox-tiptronic","10":"auto_park-another-autoparks","11":"product_cat-car","12":"product_cat-voiture-economique","13":"product_tag-mercedes-benz-2018","15":"first","16":"instock","17":"shipping-taxable","18":"purchasable","19":"product-type-ovacrs_car_rental"},"yoast_head":"<!-- This site is optimized with the Yoast SEO plugin v26.3 - https:\/\/yoast.com\/wordpress\/plugins\/seo\/ -->\n<title>Clio 4 Diesel Automatique - Auto Vite Car<\/title>\n<meta name=\"description\" content=\"Nous livrons Clio 4 diesel automatique sur plusieurs endroits au Maroc: parmi Agadir, Marrakech, Casablanca et Rabat \u00e0 A\u00e9roport ou centre ville.\" \/>\n<meta name=\"robots\" content=\"index, follow, max-snippet:-1, max-image-preview:large, max-video-preview:-1\" \/>\n<link rel=\"canonical\" href=\"https:\/\/autovitecar.com\/fr\/product\/clio-4-diesel\/\" \/>\n<meta property=\"og:locale\" content=\"fr_FR\" \/>\n<meta property=\"og:type\" content=\"article\" \/>\n<meta property=\"og:title\" content=\"Clio 4 Diesel Automatique - Auto Vite Car\" \/>\n<meta property=\"og:description\" content=\"Nous livrons Clio 4 diesel automatique sur plusieurs endroits au Maroc: parmi Agadir, Marrakech, Casablanca et Rabat \u00e0 A\u00e9roport ou centre ville.\" \/>\n<meta property=\"og:url\" content=\"https:\/\/autovitecar.com\/fr\/product\/clio-4-diesel\/\" \/>\n<meta property=\"og:site_name\" content=\"Auto Vite Car\" \/>\n<meta property=\"article:modified_time\" content=\"2025-04-09T19:17:11+00:00\" \/>\n<meta property=\"og:image\" content=\"https:\/\/autovitecar.com\/wp-content\/uploads\/2018\/08\/Location-clio-4-blanc-Autovite-car.jpeg\" \/>\n\t<meta property=\"og:image:width\" content=\"640\" \/>\n\t<meta property=\"og:image:height\" content=\"480\" \/>\n\t<meta property=\"og:image:type\" content=\"image\/jpeg\" \/>\n<meta name=\"twitter:card\" content=\"summary_large_image\" \/>\n<meta name=\"twitter:label1\" content=\"Dur\u00e9e de lecture estim\u00e9e\" \/>\n\t<meta name=\"twitter:data1\" content=\"2 minutes\" \/>\n<script type=\"application\/ld+json\" class=\"yoast-schema-graph\">{\"@context\":\"https:\/\/schema.org\",\"@graph\":[{\"@type\":\"WebPage\",\"@id\":\"https:\/\/autovitecar.com\/product\/clio-4-diesel\/\",\"url\":\"https:\/\/autovitecar.com\/product\/clio-4-diesel\/\",\"name\":\"Clio 4 Diesel Automatique - Auto Vite Car\",\"isPartOf\":{\"@id\":\"https:\/\/autovitecar.com\/#website\"},\"primaryImageOfPage\":{\"@id\":\"https:\/\/autovitecar.com\/product\/clio-4-diesel\/#primaryimage\"},\"image\":{\"@id\":\"https:\/\/autovitecar.com\/product\/clio-4-diesel\/#primaryimage\"},\"thumbnailUrl\":\"https:\/\/autovitecar.com\/wp-content\/uploads\/2018\/08\/Location-clio-4-blanc-Autovite-car.jpeg\",\"datePublished\":\"2018-08-03T02:08:27+00:00\",\"dateModified\":\"2025-04-09T19:17:11+00:00\",\"description\":\"Nous livrons Clio 4 diesel automatique sur plusieurs endroits au Maroc: parmi Agadir, Marrakech, Casablanca et Rabat \u00e0 A\u00e9roport ou centre ville.\",\"breadcrumb\":{\"@id\":\"https:\/\/autovitecar.com\/product\/clio-4-diesel\/#breadcrumb\"},\"inLanguage\":\"fr-FR\",\"potentialAction\":[{\"@type\":\"ReadAction\",\"target\":[\"https:\/\/autovitecar.com\/product\/clio-4-diesel\/\"]}]},{\"@type\":\"ImageObject\",\"inLanguage\":\"fr-FR\",\"@id\":\"https:\/\/autovitecar.com\/product\/clio-4-diesel\/#primaryimage\",\"url\":\"https:\/\/autovitecar.com\/wp-content\/uploads\/2018\/08\/Location-clio-4-blanc-Autovite-car.jpeg\",\"contentUrl\":\"https:\/\/autovitecar.com\/wp-content\/uploads\/2018\/08\/Location-clio-4-blanc-Autovite-car.jpeg\",\"width\":640,\"height\":480},{\"@type\":\"BreadcrumbList\",\"@id\":\"https:\/\/autovitecar.com\/product\/clio-4-diesel\/#breadcrumb\",\"itemListElement\":[{\"@type\":\"ListItem\",\"position\":1,\"name\":\"Home\",\"item\":\"https:\/\/autovitecar.com\/\"},{\"@type\":\"ListItem\",\"position\":2,\"name\":\"Shop\",\"item\":\"https:\/\/autovitecar.com\/shop-2\/\"},{\"@type\":\"ListItem\",\"position\":3,\"name\":\"Clio 4 Diesel Automatique\"}]},{\"@type\":\"WebSite\",\"@id\":\"https:\/\/autovitecar.com\/#website\",\"url\":\"https:\/\/autovitecar.com\/\",\"name\":\"Auto Vite Car\",\"description\":\"Agence de location voiture Agadir\",\"potentialAction\":[{\"@type\":\"SearchAction\",\"target\":{\"@type\":\"EntryPoint\",\"urlTemplate\":\"https:\/\/autovitecar.com\/?s={search_term_string}\"},\"query-input\":{\"@type\":\"PropertyValueSpecification\",\"valueRequired\":true,\"valueName\":\"search_term_string\"}}],\"inLanguage\":\"fr-FR\"}]}<\/script>\n<!-- \/ Yoast SEO plugin. -->","yoast_head_json":{"title":"Clio 4 Diesel Automatique - Auto Vite Car","description":"Nous livrons Clio 4 diesel automatique sur plusieurs endroits au Maroc: parmi Agadir, Marrakech, Casablanca et Rabat \u00e0 A\u00e9roport ou centre ville.","robots":{"index":"index","follow":"follow","max-snippet":"max-snippet:-1","max-image-preview":"max-image-preview:large","max-video-preview":"max-video-preview:-1"},"canonical":"https:\/\/autovitecar.com\/fr\/product\/clio-4-diesel\/","og_locale":"fr_FR","og_type":"article","og_title":"Clio 4 Diesel Automatique - Auto Vite Car","og_description":"Nous livrons Clio 4 diesel automatique sur plusieurs endroits au Maroc: parmi Agadir, Marrakech, Casablanca et Rabat \u00e0 A\u00e9roport ou centre ville.","og_url":"https:\/\/autovitecar.com\/fr\/product\/clio-4-diesel\/","og_site_name":"Auto Vite Car","article_modified_time":"2025-04-09T19:17:11+00:00","og_image":[{"width":640,"height":480,"url":"https:\/\/autovitecar.com\/wp-content\/uploads\/2018\/08\/Location-clio-4-blanc-Autovite-car.jpeg","type":"image\/jpeg"}],"twitter_card":"summary_large_image","twitter_misc":{"Dur\u00e9e de lecture estim\u00e9e":"2 minutes"},"schema":{"@context":"https:\/\/schema.org","@graph":[{"@type":"WebPage","@id":"https:\/\/autovitecar.com\/product\/clio-4-diesel\/","url":"https:\/\/autovitecar.com\/product\/clio-4-diesel\/","name":"Clio 4 Diesel Automatique - Auto Vite Car","isPartOf":{"@id":"https:\/\/autovitecar.com\/#website"},"primaryImageOfPage":{"@id":"https:\/\/autovitecar.com\/product\/clio-4-diesel\/#primaryimage"},"image":{"@id":"https:\/\/autovitecar.com\/product\/clio-4-diesel\/#primaryimage"},"thumbnailUrl":"https:\/\/autovitecar.com\/wp-content\/uploads\/2018\/08\/Location-clio-4-blanc-Autovite-car.jpeg","datePublished":"2018-08-03T02:08:27+00:00","dateModified":"2025-04-09T19:17:11+00:00","description":"Nous livrons Clio 4 diesel automatique sur plusieurs endroits au Maroc: parmi Agadir, Marrakech, Casablanca et Rabat \u00e0 A\u00e9roport ou centre ville.","breadcrumb":{"@id":"https:\/\/autovitecar.com\/product\/clio-4-diesel\/#breadcrumb"},"inLanguage":"fr-FR","potentialAction":[{"@type":"ReadAction","target":["https:\/\/autovitecar.com\/product\/clio-4-diesel\/"]}]},{"@type":"ImageObject","inLanguage":"fr-FR","@id":"https:\/\/autovitecar.com\/product\/clio-4-diesel\/#primaryimage","url":"https:\/\/autovitecar.com\/wp-content\/uploads\/2018\/08\/Location-clio-4-blanc-Autovite-car.jpeg","contentUrl":"https:\/\/autovitecar.com\/wp-content\/uploads\/2018\/08\/Location-clio-4-blanc-Autovite-car.jpeg","width":640,"height":480},{"@type":"BreadcrumbList","@id":"https:\/\/autovitecar.com\/product\/clio-4-diesel\/#breadcrumb","itemListElement":[{"@type":"ListItem","position":1,"name":"Home","item":"https:\/\/autovitecar.com\/"},{"@type":"ListItem","position":2,"name":"Shop","item":"https:\/\/autovitecar.com\/shop-2\/"},{"@type":"ListItem","position":3,"name":"Clio 4 Diesel Automatique"}]},{"@type":"WebSite","@id":"https:\/\/autovitecar.com\/#website","url":"https:\/\/autovitecar.com\/","name":"Auto Vite Car","description":"Agence de location voiture Agadir","potentialAction":[{"@type":"SearchAction","target":{"@type":"EntryPoint","urlTemplate":"https:\/\/autovitecar.com\/?s={search_term_string}"},"query-input":{"@type":"PropertyValueSpecification","valueRequired":true,"valueName":"search_term_string"}}],"inLanguage":"fr-FR"}]}},"jetpack_sharing_enabled":true,"_links":{"self":[{"href":"https:\/\/autovitecar.com\/fr\/wp-json\/wp\/v2\/product\/1636","targetHints":{"allow":["GET"]}}],"collection":[{"href":"https:\/\/autovitecar.com\/fr\/wp-json\/wp\/v2\/product"}],"about":[{"href":"https:\/\/autovitecar.com\/fr\/wp-json\/wp\/v2\/types\/product"}],"wp:featuredmedia":[{"embeddable":true,"href":"https:\/\/autovitecar.com\/fr\/wp-json\/wp\/v2\/media\/3386"}],"wp:attachment":[{"href":"https:\/\/autovitecar.com\/fr\/wp-json\/wp\/v2\/media?parent=1636"}],"wp:term":[{"taxonomy":"product_brand","embeddable":true,"href":"https:\/\/autovitecar.com\/fr\/wp-json\/wp\/v2\/product_brand?post=1636"},{"taxonomy":"product_cat","embeddable":true,"href":"https:\/\/autovitecar.com\/fr\/wp-json\/wp\/v2\/product_cat?post=1636"},{"taxonomy":"product_tag","embeddable":true,"href":"https:\/\/autovitecar.com\/fr\/wp-json\/wp\/v2\/product_tag?post=1636"}],"curies":[{"name":"wp","href":"https:\/\/api.w.org\/{rel}","templated":true}]}}