{"id":1621,"date":"2018-08-02T09:20:26","date_gmt":"2018-08-02T09:20:26","guid":{"rendered":"https:\/\/demo.ovatheme.com\/ireca\/?post_type=product&#038;p=1621"},"modified":"2025-04-13T00:49:06","modified_gmt":"2025-04-12T23:49:06","slug":"dacia-logan-essence","status":"publish","type":"product","link":"https:\/\/autovitecar.com\/fr\/product\/dacia-logan-essence\/","title":{"rendered":"DACIA LOGAN ESSENCE 2024"},"content":{"rendered":"<h2>Location Dacia Logan Agadir : praticit\u00e9 et \u00e9conomie<\/h2>\n<p>Vous souhaitez trouver une\u00a0<a href=\"https:\/\/www.autovitecar.com\/\">location de voiture pas ch\u00e8re<\/a>\u00a0pour votre prochain s\u00e9jour au Maroc ? Dans ce cas, choisissez la<strong>\u00a0location dacia logan Agadir<\/strong>. Il ne s\u2019agit pas simplement d\u2019opter pour un\u00a0<strong>v\u00e9hicule moins cher<\/strong>, mais de se procurer un service d\u2019une qualit\u00e9 in\u00e9gal\u00e9e au meilleur prix. Et pour r\u00e9aliser d&rsquo;avantage d\u2019\u00e9conomies. Optez pour la location d\u2019une Dacia Logan essence au depart de l\u2019<strong>a\u00e8roport Agadir,\u00a0<\/strong>et allez vers\u00a0<strong>Marrakech,\u00a0Essaouira\u00a0ou bien\u00a0Taghazout<\/strong>. Cette voiture\u00a0a la particularit\u00e9 d\u2019\u00eatre tr\u00e8s peu gourmande en carburant, ainsi, vous pourrez parcourir plusieurs kilom\u00e8tres en faisant un seul plein.<\/p>\n<h2>Reserver une dacia logan essence : une voiture totalement relook\u00e9e<\/h2>\n<p>Comme beaucoup, vous avez \u00e9t\u00e9 s\u00e9duit par la nouvelle g\u00e9n\u00e9ration de\u00a0<strong>Dacia Logan essence\u00a0<\/strong>? Quoi de plus normal, puisque cette voiture a d\u00fb \u00e9norm\u00e9ment progresser pour obtenir un tel succ\u00e8s.<\/p>\n<p>Cette voiture\u00a0\u00e9conomique est l\u2019une des favorites des familles en qu\u00eate de voiture de location, du fait de sa practicit\u00e9 et du confort qu\u2019elle procure. Son design ext\u00e9rieur modifi\u00e9 attire aujourd\u2019hui les amateurs de belles voitures.<\/p>\n<p>Des lignes r\u00e9guli\u00e8res mises en valeur, des optiques avant et pare-chocs volumineux\u2026 tant de points sur son aspect qui lui conf\u00e8rent charme et ergonomie. En ce qui concerne la motorisation qui lui conf\u00e8re justement le titre de v\u00e9hicule \u00e9conomique. Des performances incritiquables pour seulement 6 litres au 100 km, voil\u00e0 qui devrait ravir les budgets serr\u00e9s.<\/p>\n<h3>Location Dacia Logan essence : vive le Maroc !<\/h3>\n<p>Optez pour une location Dacia Logan essence Agadir, Essaouira,\u00a0<strong>aeroport\u00a0 Marrakech<\/strong>\u2026 Pourquoi se contenter que d\u2019une seule ville ?\u00a0faites le plein et partez \u00e0 la conqu\u00eate du Maroc ! Avec une aussi faible consommation en carburant, vous pouvez vous permettre de visiter les confins du pays, de sillonner toutes les routes et de fl\u00e2ner le long de la plage. Circulez en zone urbaine comme en zone rurale sans stresser et sans culpabiliser. C\u00f4t\u00e9 aspect pratique de la Dacia Logan essence, vous appr\u00e9cierez certainement sa direction assist\u00e9e hydraulique revisit\u00e9e ainsi que son syst\u00e8me ESP qui veille en cas d&rsquo;urgence. Vous vous sentirez parfaitement \u00e0 l\u2019aise dans son habitacle chaleureux et sobre. Les finitions du tableau de bord sont minutieuses et il est dot\u00e9 d\u2019un GPS tactile. Louer la Dacia Logan essence a Agadir et\u00a0au\u00a0<strong>Maroc<\/strong>, c\u2019est adopter ses fonctionnalit\u00e9s et l\u2019appr\u00e9cier chaque jour.<\/p>\n","protected":false},"excerpt":{"rendered":"<p>Lorem Ipsum is simply dummy text of the printing and typesetting industry. Lorem Ipsum has been the industry&rsquo;s standard dummy text ever since the 1500<\/p>\n","protected":false},"featured_media":3390,"template":"","meta":[],"product_brand":[],"product_cat":[62,64],"product_tag":[37],"class_list":{"0":"post-1621","1":"product","2":"type-product","3":"status-publish","4":"has-post-thumbnail","6":"type-suv","7":"manufacturer-lexus","8":"steering-right","9":"gearbox-mechanic","10":"auto_park-my-cars","11":"product_cat-car","12":"product_cat-voiture-economique","13":"product_tag-mercedes-benz-2018","15":"first","16":"instock","17":"shipping-taxable","18":"purchasable","19":"product-type-ovacrs_car_rental"},"yoast_head":"<!-- This site is optimized with the Yoast SEO plugin v26.3 - https:\/\/yoast.com\/wordpress\/plugins\/seo\/ -->\n<title>DACIA LOGAN ESSENCE 2024 - Auto Vite Car<\/title>\n<meta name=\"description\" content=\"Vous souhaitez trouver une\u00a0location de voiture pas ch\u00e8re\u00a0pour votre prochain s\u00e9jour au Maroc ? Dans ce cas, choisissez la\u00a0location dacia logan Agadir.\" \/>\n<meta name=\"robots\" content=\"index, follow, max-snippet:-1, max-image-preview:large, max-video-preview:-1\" \/>\n<link rel=\"canonical\" href=\"https:\/\/autovitecar.com\/fr\/product\/dacia-logan-essence\/\" \/>\n<meta property=\"og:locale\" content=\"fr_FR\" \/>\n<meta property=\"og:type\" content=\"article\" \/>\n<meta property=\"og:title\" content=\"DACIA LOGAN ESSENCE 2024 - Auto Vite Car\" \/>\n<meta property=\"og:description\" content=\"Vous souhaitez trouver une\u00a0location de voiture pas ch\u00e8re\u00a0pour votre prochain s\u00e9jour au Maroc ? Dans ce cas, choisissez la\u00a0location dacia logan Agadir.\" \/>\n<meta property=\"og:url\" content=\"https:\/\/autovitecar.com\/fr\/product\/dacia-logan-essence\/\" \/>\n<meta property=\"og:site_name\" content=\"Auto Vite Car\" \/>\n<meta property=\"article:modified_time\" content=\"2025-04-12T23:49:06+00:00\" \/>\n<meta property=\"og:image\" content=\"https:\/\/autovitecar.com\/wp-content\/uploads\/2018\/08\/logan-3-glinche-automobile-1.jpeg\" \/>\n\t<meta property=\"og:image:width\" content=\"840\" \/>\n\t<meta property=\"og:image:height\" content=\"400\" \/>\n\t<meta property=\"og:image:type\" content=\"image\/jpeg\" \/>\n<meta name=\"twitter:card\" content=\"summary_large_image\" \/>\n<meta name=\"twitter:label1\" content=\"Dur\u00e9e de lecture estim\u00e9e\" \/>\n\t<meta name=\"twitter:data1\" content=\"2 minutes\" \/>\n<script type=\"application\/ld+json\" class=\"yoast-schema-graph\">{\"@context\":\"https:\/\/schema.org\",\"@graph\":[{\"@type\":\"WebPage\",\"@id\":\"https:\/\/autovitecar.com\/product\/dacia-logan-essence\/\",\"url\":\"https:\/\/autovitecar.com\/product\/dacia-logan-essence\/\",\"name\":\"DACIA LOGAN ESSENCE 2024 - Auto Vite Car\",\"isPartOf\":{\"@id\":\"https:\/\/autovitecar.com\/#website\"},\"primaryImageOfPage\":{\"@id\":\"https:\/\/autovitecar.com\/product\/dacia-logan-essence\/#primaryimage\"},\"image\":{\"@id\":\"https:\/\/autovitecar.com\/product\/dacia-logan-essence\/#primaryimage\"},\"thumbnailUrl\":\"https:\/\/autovitecar.com\/wp-content\/uploads\/2018\/08\/logan-3-glinche-automobile-1.jpeg\",\"datePublished\":\"2018-08-02T09:20:26+00:00\",\"dateModified\":\"2025-04-12T23:49:06+00:00\",\"description\":\"Vous souhaitez trouver une\u00a0location de voiture pas ch\u00e8re\u00a0pour votre prochain s\u00e9jour au Maroc ? Dans ce cas, choisissez la\u00a0location dacia logan Agadir.\",\"breadcrumb\":{\"@id\":\"https:\/\/autovitecar.com\/product\/dacia-logan-essence\/#breadcrumb\"},\"inLanguage\":\"fr-FR\",\"potentialAction\":[{\"@type\":\"ReadAction\",\"target\":[\"https:\/\/autovitecar.com\/product\/dacia-logan-essence\/\"]}]},{\"@type\":\"ImageObject\",\"inLanguage\":\"fr-FR\",\"@id\":\"https:\/\/autovitecar.com\/product\/dacia-logan-essence\/#primaryimage\",\"url\":\"https:\/\/autovitecar.com\/wp-content\/uploads\/2018\/08\/logan-3-glinche-automobile-1.jpeg\",\"contentUrl\":\"https:\/\/autovitecar.com\/wp-content\/uploads\/2018\/08\/logan-3-glinche-automobile-1.jpeg\",\"width\":840,\"height\":400},{\"@type\":\"BreadcrumbList\",\"@id\":\"https:\/\/autovitecar.com\/product\/dacia-logan-essence\/#breadcrumb\",\"itemListElement\":[{\"@type\":\"ListItem\",\"position\":1,\"name\":\"Home\",\"item\":\"https:\/\/autovitecar.com\/\"},{\"@type\":\"ListItem\",\"position\":2,\"name\":\"Shop\",\"item\":\"https:\/\/autovitecar.com\/shop-2\/\"},{\"@type\":\"ListItem\",\"position\":3,\"name\":\"DACIA LOGAN ESSENCE 2024\"}]},{\"@type\":\"WebSite\",\"@id\":\"https:\/\/autovitecar.com\/#website\",\"url\":\"https:\/\/autovitecar.com\/\",\"name\":\"Auto Vite Car\",\"description\":\"Agence de location voiture Agadir\",\"potentialAction\":[{\"@type\":\"SearchAction\",\"target\":{\"@type\":\"EntryPoint\",\"urlTemplate\":\"https:\/\/autovitecar.com\/?s={search_term_string}\"},\"query-input\":{\"@type\":\"PropertyValueSpecification\",\"valueRequired\":true,\"valueName\":\"search_term_string\"}}],\"inLanguage\":\"fr-FR\"}]}<\/script>\n<!-- \/ Yoast SEO plugin. -->","yoast_head_json":{"title":"DACIA LOGAN ESSENCE 2024 - Auto Vite Car","description":"Vous souhaitez trouver une\u00a0location de voiture pas ch\u00e8re\u00a0pour votre prochain s\u00e9jour au Maroc ? Dans ce cas, choisissez la\u00a0location dacia logan Agadir.","robots":{"index":"index","follow":"follow","max-snippet":"max-snippet:-1","max-image-preview":"max-image-preview:large","max-video-preview":"max-video-preview:-1"},"canonical":"https:\/\/autovitecar.com\/fr\/product\/dacia-logan-essence\/","og_locale":"fr_FR","og_type":"article","og_title":"DACIA LOGAN ESSENCE 2024 - Auto Vite Car","og_description":"Vous souhaitez trouver une\u00a0location de voiture pas ch\u00e8re\u00a0pour votre prochain s\u00e9jour au Maroc ? Dans ce cas, choisissez la\u00a0location dacia logan Agadir.","og_url":"https:\/\/autovitecar.com\/fr\/product\/dacia-logan-essence\/","og_site_name":"Auto Vite Car","article_modified_time":"2025-04-12T23:49:06+00:00","og_image":[{"width":840,"height":400,"url":"https:\/\/autovitecar.com\/wp-content\/uploads\/2018\/08\/logan-3-glinche-automobile-1.jpeg","type":"image\/jpeg"}],"twitter_card":"summary_large_image","twitter_misc":{"Dur\u00e9e de lecture estim\u00e9e":"2 minutes"},"schema":{"@context":"https:\/\/schema.org","@graph":[{"@type":"WebPage","@id":"https:\/\/autovitecar.com\/product\/dacia-logan-essence\/","url":"https:\/\/autovitecar.com\/product\/dacia-logan-essence\/","name":"DACIA LOGAN ESSENCE 2024 - Auto Vite Car","isPartOf":{"@id":"https:\/\/autovitecar.com\/#website"},"primaryImageOfPage":{"@id":"https:\/\/autovitecar.com\/product\/dacia-logan-essence\/#primaryimage"},"image":{"@id":"https:\/\/autovitecar.com\/product\/dacia-logan-essence\/#primaryimage"},"thumbnailUrl":"https:\/\/autovitecar.com\/wp-content\/uploads\/2018\/08\/logan-3-glinche-automobile-1.jpeg","datePublished":"2018-08-02T09:20:26+00:00","dateModified":"2025-04-12T23:49:06+00:00","description":"Vous souhaitez trouver une\u00a0location de voiture pas ch\u00e8re\u00a0pour votre prochain s\u00e9jour au Maroc ? Dans ce cas, choisissez la\u00a0location dacia logan Agadir.","breadcrumb":{"@id":"https:\/\/autovitecar.com\/product\/dacia-logan-essence\/#breadcrumb"},"inLanguage":"fr-FR","potentialAction":[{"@type":"ReadAction","target":["https:\/\/autovitecar.com\/product\/dacia-logan-essence\/"]}]},{"@type":"ImageObject","inLanguage":"fr-FR","@id":"https:\/\/autovitecar.com\/product\/dacia-logan-essence\/#primaryimage","url":"https:\/\/autovitecar.com\/wp-content\/uploads\/2018\/08\/logan-3-glinche-automobile-1.jpeg","contentUrl":"https:\/\/autovitecar.com\/wp-content\/uploads\/2018\/08\/logan-3-glinche-automobile-1.jpeg","width":840,"height":400},{"@type":"BreadcrumbList","@id":"https:\/\/autovitecar.com\/product\/dacia-logan-essence\/#breadcrumb","itemListElement":[{"@type":"ListItem","position":1,"name":"Home","item":"https:\/\/autovitecar.com\/"},{"@type":"ListItem","position":2,"name":"Shop","item":"https:\/\/autovitecar.com\/shop-2\/"},{"@type":"ListItem","position":3,"name":"DACIA LOGAN ESSENCE 2024"}]},{"@type":"WebSite","@id":"https:\/\/autovitecar.com\/#website","url":"https:\/\/autovitecar.com\/","name":"Auto Vite Car","description":"Agence de location voiture Agadir","potentialAction":[{"@type":"SearchAction","target":{"@type":"EntryPoint","urlTemplate":"https:\/\/autovitecar.com\/?s={search_term_string}"},"query-input":{"@type":"PropertyValueSpecification","valueRequired":true,"valueName":"search_term_string"}}],"inLanguage":"fr-FR"}]}},"jetpack_sharing_enabled":true,"_links":{"self":[{"href":"https:\/\/autovitecar.com\/fr\/wp-json\/wp\/v2\/product\/1621","targetHints":{"allow":["GET"]}}],"collection":[{"href":"https:\/\/autovitecar.com\/fr\/wp-json\/wp\/v2\/product"}],"about":[{"href":"https:\/\/autovitecar.com\/fr\/wp-json\/wp\/v2\/types\/product"}],"wp:featuredmedia":[{"embeddable":true,"href":"https:\/\/autovitecar.com\/fr\/wp-json\/wp\/v2\/media\/3390"}],"wp:attachment":[{"href":"https:\/\/autovitecar.com\/fr\/wp-json\/wp\/v2\/media?parent=1621"}],"wp:term":[{"taxonomy":"product_brand","embeddable":true,"href":"https:\/\/autovitecar.com\/fr\/wp-json\/wp\/v2\/product_brand?post=1621"},{"taxonomy":"product_cat","embeddable":true,"href":"https:\/\/autovitecar.com\/fr\/wp-json\/wp\/v2\/product_cat?post=1621"},{"taxonomy":"product_tag","embeddable":true,"href":"https:\/\/autovitecar.com\/fr\/wp-json\/wp\/v2\/product_tag?post=1621"}],"curies":[{"name":"wp","href":"https:\/\/api.w.org\/{rel}","templated":true}]}}