{"id":2,"date":"2022-11-24T00:54:53","date_gmt":"2022-11-23T23:54:53","guid":{"rendered":"http:\/\/autovitecar.com\/?page_id=2"},"modified":"2022-11-28T03:10:47","modified_gmt":"2022-11-28T02:10:47","slug":"location-voiture-taghazout","status":"publish","type":"page","link":"https:\/\/autovitecar.com\/fr\/location-voiture-taghazout\/","title":{"rendered":"LOCATION VOITURE TAGHAZOUT"},"content":{"rendered":"\t\t<div data-elementor-type=\"wp-page\" data-elementor-id=\"2\" class=\"elementor elementor-2\">\n\t\t\t\t\t\t<section class=\"elementor-section elementor-top-section elementor-element elementor-element-443e2fe elementor-section-boxed elementor-section-height-default elementor-section-height-default\" data-id=\"443e2fe\" data-element_type=\"section\">\n\t\t\t\t\t\t<div class=\"elementor-container elementor-column-gap-default\">\n\t\t\t\t\t<div class=\"elementor-column elementor-col-100 elementor-top-column elementor-element elementor-element-004ded3\" data-id=\"004ded3\" data-element_type=\"column\">\n\t\t\t<div class=\"elementor-widget-wrap elementor-element-populated\">\n\t\t\t\t\t\t<div class=\"elementor-element elementor-element-a350b53 elementor-widget elementor-widget-image\" data-id=\"a350b53\" data-element_type=\"widget\" data-widget_type=\"image.default\">\n\t\t\t\t<div class=\"elementor-widget-container\">\n\t\t\t\t\t\t\t\t\t\t\t\t\t\t\t<img fetchpriority=\"high\" decoding=\"async\" width=\"300\" height=\"204\" src=\"https:\/\/autovitecar.com\/wp-content\/uploads\/2022\/11\/Taghazout-beach-boats-300x204.jpeg\" class=\"attachment-medium size-medium wp-image-3449\" alt=\"\" srcset=\"https:\/\/autovitecar.com\/wp-content\/uploads\/2022\/11\/Taghazout-beach-boats-300x204.jpeg 300w, https:\/\/autovitecar.com\/wp-content\/uploads\/2022\/11\/Taghazout-beach-boats-768x521.jpeg 768w, https:\/\/autovitecar.com\/wp-content\/uploads\/2022\/11\/Taghazout-beach-boats-350x238.jpeg 350w, https:\/\/autovitecar.com\/wp-content\/uploads\/2022\/11\/Taghazout-beach-boats-600x407.jpeg 600w, https:\/\/autovitecar.com\/wp-content\/uploads\/2022\/11\/Taghazout-beach-boats.jpeg 1000w\" sizes=\"(max-width: 300px) 100vw, 300px\" \/>\t\t\t\t\t\t\t\t\t\t\t\t\t\t\t<\/div>\n\t\t\t\t<\/div>\n\t\t\t\t\t<\/div>\n\t\t<\/div>\n\t\t\t\t\t<\/div>\n\t\t<\/section>\n\t\t\t\t<section class=\"elementor-section elementor-top-section elementor-element elementor-element-58ed9d9c elementor-section-boxed elementor-section-height-default elementor-section-height-default\" data-id=\"58ed9d9c\" data-element_type=\"section\">\n\t\t\t\t\t\t<div class=\"elementor-container elementor-column-gap-default\">\n\t\t\t\t\t<div class=\"elementor-column elementor-col-100 elementor-top-column elementor-element elementor-element-29741a83\" data-id=\"29741a83\" data-element_type=\"column\">\n\t\t\t<div class=\"elementor-widget-wrap elementor-element-populated\">\n\t\t\t\t\t\t<div class=\"elementor-element elementor-element-53390e4c elementor-widget elementor-widget-text-editor\" data-id=\"53390e4c\" data-element_type=\"widget\" data-widget_type=\"text-editor.default\">\n\t\t\t\t<div class=\"elementor-widget-container\">\n\t\t\t\t\t\t\t\t\t<p><\/p>\n<h2 style=\"font-family: Raleway, sans-serif; line-height: 1.1; color: #d23914; margin: 20px 0cm 10px; font-size: 30px; background-color: #fbfbfb;\"><span style=\"font-size: 14pt;\"><span style=\"font-family: Cambria, serif;\"><span style=\"color: #365f91;\">Optez pour une voiture lou\u00e9e chez Auto Vite Car\u00a0 \u00e0 Taghazout<\/span><\/span><\/span><\/h2>\n<p style=\"margin-right: 0cm; margin-bottom: 20px; margin-left: 0cm; color: #5c5c5c; font-size: 15px; background-color: #fbfbfb; text-align: justify;\"><span style=\"font-size: 11pt;\"><span style=\"font-family: Calibri, sans-serif;\"><span style=\"font-size: 12pt;\">Vous \u00eates \u00e0 la recherche d\u2019une\u00a0<span style=\"font-weight: bold;\">location voiture\u00a0Taghazout<\/span>, ce magnifique petit village de p\u00eache o\u00f9 il fait bon vivre\u00a0? Faites appel aux\u00a0<em>services de votre\u00a0<span style=\"font-weight: bold;\"><a style=\"color: #5c5c5c; transition: all 0.2s ease-in-out 0s; outline: 0px !important;\" href=\"https:\/\/www.avantagecars.com\/\" target=\"_self\">agence\u00a0A<\/a>uto Vite Car<\/span>\u00a0pour louer un v\u00e9hicule \u00e0 Taghazout<\/em>\u00a0de qualit\u00e9, parfaitement adapt\u00e9 pour tous vos p\u00e9riples. Que vous ayez besoin d\u2019une\u00a0<a style=\"color: #5c5c5c; transition: all 0.2s ease-in-out 0s; outline: 0px !important;\" href=\"https:\/\/www.avantagecars.com\/location-voiture\/4x4\"><span style=\"font-weight: bold;\">4&#215;4 tout-terrain diesel<\/span><\/a>, d\u2019une\u00a0<span style=\"font-weight: bold;\"><a style=\"color: #5c5c5c; transition: all 0.2s ease-in-out 0s; outline: 0px !important;\" href=\"https:\/\/www.avantagecars.com\/location-voiture\/economiques\">voiture \u00e9conomique diesel<\/a><\/span>, d&rsquo;un\u00a0v\u00e9hicule\u00a0utilitaire, d&rsquo;une voiture 6 ou 7 places\u00a0ou d\u2019un mod\u00e8le coup\u00e9 en essence, soyez certain de d\u00e9nicher ce qu\u2019il vous faut \u00e0 prix pas cher \u00e0 notre agence\u00a0<\/span><\/span><\/span><em style=\"font-family: Calibri, sans-serif; font-size: 16px;\"><span style=\"font-weight: bold;\"><a style=\"color: #5c5c5c; transition: all 0.2s ease-in-out 0s; outline: 0px !important;\" href=\"https:\/\/www.avantagecars.com\/\" target=\"_self\">A<\/a>uto Vite Car<\/span>\u00a0<\/em><span style=\"font-size: 11pt;\"><span style=\"font-family: Calibri, sans-serif;\"><span style=\"font-size: 12pt;\">.<\/span><\/span><\/span><\/p>\n<h2 style=\"font-family: Raleway, sans-serif; line-height: 1.1; color: #d23914; margin: 20px 0cm 10px; font-size: 30px; background-color: #fbfbfb;\"><span style=\"font-size: 13pt;\"><span style=\"font-family: Cambria, serif;\"><span style=\"color: #4f81bd;\">La voiture de votre choix \u00e0 Taghazout<\/span><\/span><\/span><\/h2>\n<p style=\"margin-right: 0cm; margin-bottom: 20px; margin-left: 0cm; color: #5c5c5c; font-size: 15px; background-color: #fbfbfb; text-align: justify;\"><span style=\"font-size: 11pt;\"><span style=\"font-family: Calibri, sans-serif;\"><span style=\"font-size: 12pt;\">Vous pr\u00e9parez un voyage dans le village de Taghazout\u00a0? Optez pour\u00a0un services de qualit\u00e9 procur\u00e9s par notre soci\u00e9t\u00e9\u00a0<\/span><\/span><\/span><em style=\"font-family: Calibri, sans-serif; font-size: 16px;\"><span style=\"font-weight: bold;\"><a style=\"color: #5c5c5c; transition: all 0.2s ease-in-out 0s; outline: 0px !important;\" href=\"https:\/\/www.avantagecars.com\/\" target=\"_self\">A<\/a>uto Vite Car<\/span>\u00a0<\/em><span style=\"font-size: 11pt;\"><span style=\"font-family: Calibri, sans-serif;\"><span style=\"font-size: 12pt;\">. Selon votre besoin, vous pourrez directement r\u00e9cup\u00e9rer le v\u00e9hicule d\u00e8s l\u2019arriv\u00e9e de votre vol \u00e0 l\u2019a\u00e9roport ou bien directement \u00e0 notre agence.<\/span><\/span><\/span><\/p>\n<p style=\"margin-right: 0cm; margin-bottom: 20px; margin-left: 0cm; color: #5c5c5c; font-size: 15px; background-color: #fbfbfb; text-align: justify;\"><span style=\"font-size: 11pt;\"><span style=\"font-family: Calibri, sans-serif;\"><span style=\"font-size: 12pt;\">Vous pourrez \u00e9galement en disposer \u00e0 l\u2019h\u00f4tel, auberge ou chambre d\u2019h\u00f4te o\u00f9 vous descendrez au petit village Taghazout. Choisissez parmi la pl\u00e9thore de v\u00e9hicules \u00e0 louer disponible afin de d\u00e9nicher le v\u00e9hicule \u00e9conomique diesel ou essence qui correspondra \u00e0 vos exigences.<\/span><\/span><\/span><\/p>\n<p style=\"margin-right: 0cm; margin-bottom: 20px; margin-left: 0cm; color: #5c5c5c; font-size: 15px; background-color: #fbfbfb; text-align: justify;\"><span style=\"font-size: 11pt;\"><span style=\"font-family: Calibri, sans-serif;\"><span style=\"font-size: 12pt;\">Si vous souhaitez visiter les confins de ce village, optez pour un\u00a0<em>4&#215;4 tout-terrain 6, 7 ou meme 8 places<\/em>. Tous les v\u00e9hicules de location sont \u00e9quip\u00e9s de barre de toit permettant le transport ais\u00e9 de\u00a0<em>vos \u00e9quipements de sport aquatiques tels que des planches de surf ou autres<\/em>.<\/span><\/span><\/span><\/p>\n<p style=\"margin-right: 0cm; margin-bottom: 20px; margin-left: 0cm; color: #5c5c5c; font-size: 15px; background-color: #fbfbfb; text-align: justify;\"><span style=\"font-size: 11pt;\"><span style=\"font-family: Calibri, sans-serif;\"><span style=\"font-size: 12pt;\">Si vous d\u00e9sirez simplement visiter les environs en famille \u00e0 bord d\u2019une\u00a0<span style=\"font-weight: bold;\"><a style=\"color: #5c5c5c; transition: all 0.2s ease-in-out 0s; outline: 0px !important;\" href=\"https:\/\/www.avantagecars.com\/location-voiture\/economiques\" target=\"_self\">voiture de location confortable et \u00e9conomique<\/a><\/span>, optez pour un v\u00e9hicule utilitaire ou bien une voiture\u00a06 ou 7 places\u00a0. Pour une promenade en amoureux, rien ne vaut une location de petite voiture diesel \u00e9conomique\u00a0ou un 4&#215;4 de luxe\u00a0sportif .<\/span><\/span><\/span><\/p>\n<h3 style=\"font-family: Raleway, sans-serif; line-height: 1.1; color: #d23914; margin: 20px 0cm 10px; font-size: 24px; background-color: #fbfbfb;\"><span style=\"font-size: 13pt;\"><span style=\"font-family: Cambria, serif;\"><span style=\"color: #4f81bd;\">Faites-vous livrer votre v\u00e9hicule gratuitement<\/span><\/span><\/span><\/h3>\n<p style=\"margin-right: 0cm; margin-bottom: 20px; margin-left: 0cm; color: #5c5c5c; font-size: 15px; background-color: #fbfbfb; text-align: justify;\"><span style=\"font-size: 11pt;\"><span style=\"font-family: Calibri, sans-serif;\"><span style=\"font-size: 12pt;\">Besoin d\u2019une voiture d\u00e8s votre arriv\u00e9e \u00e0 votre\u00a0<u>h\u00f4tel ou surf camp \u00e0 Taghazout<\/u>\u00a0? Gr\u00e2ce aux services de notre agence\u00a0<\/span><\/span><\/span><em style=\"font-family: Calibri, sans-serif; font-size: 16px;\"><span style=\"font-weight: bold;\"><a style=\"color: #5c5c5c; transition: all 0.2s ease-in-out 0s; outline: 0px !important;\" href=\"https:\/\/www.avantagecars.com\/\" target=\"_self\">A<\/a>uto Vite Car<\/span>\u00a0<\/em><span style=\"font-size: 11pt;\"><span style=\"font-family: Calibri, sans-serif;\"><span style=\"font-size: 12pt;\">, c\u2019est possible. Misez sur la praticit\u00e9 en vous faisant livrer sur place, sans aucun frais suppl\u00e9mentaire.<\/span><\/span><\/span><\/p>\n<p style=\"margin-right: 0cm; margin-bottom: 20px; margin-left: 0cm; color: #5c5c5c; font-size: 15px; background-color: #fbfbfb; text-align: justify;\"><span style=\"font-size: 11pt;\"><span style=\"font-family: Calibri, sans-serif;\"><span style=\"font-size: 12pt;\"><span style=\"font-weight: bold;\">Profitez des offres\u00a0r\u00e9guli\u00e8rement disponibles<\/span>\u00a0sur notre site pour trouver la perle rat\u00e9\u00a0et r\u00e9servez-la directement meme \u00e0 la derni\u00e8re minute en nous appelant au\u00a0\u00a0<\/span><\/span><\/span><span style=\"font-weight: var( --e-global-typography-text-font-weight ); color: #343434; font-family: Poppins, sans-serif; background-color: #ffffff; font-size: 14px; text-align: left;\">+212 661 180 556<\/span><span style=\"font-family: var( --e-global-typography-text-font-family ), Sans-serif; font-weight: var( --e-global-typography-text-font-weight ); font-size: 11pt;\"><span style=\"font-family: Calibri, sans-serif;\"><span style=\"font-size: 12pt;\">.<\/span><\/span><\/span><\/p>\n<p style=\"margin-right: 0cm; margin-bottom: 20px; margin-left: 0cm; color: #5c5c5c; font-size: 15px; background-color: #fbfbfb; text-align: justify;\">\u00a0<\/p>\n<p style=\"margin-right: 0cm; margin-bottom: 20px; margin-left: 0cm; color: #5c5c5c; font-size: 15px; background-color: #fbfbfb; text-align: justify;\"><span style=\"font-size: 11pt;\"><span style=\"font-family: Calibri, sans-serif;\"><span style=\"font-size: 12pt;\">Vous aurez par la suite tout le loisir de visiter ce magnifique petit village de p\u00eache situ\u00e9 \u00e0 20 km au nord de la ville d\u2019Agadir en prenant la direction d\u2019Essaouira.<\/span><\/span><\/span><\/p>\n<p style=\"margin-right: 0cm; margin-bottom: 20px; margin-left: 0cm; color: #5c5c5c; font-size: 15px; background-color: #fbfbfb; text-align: justify;\"><span style=\"font-size: 11pt;\"><span style=\"font-family: Calibri, sans-serif;\"><span style=\"font-size: 12pt;\">Si vous choisissez de r\u00e9cup\u00e9rer votre\u00a0<span style=\"font-weight: bold;\"><em>automobile<\/em><\/span>\u00a0directement \u00e0 l\u2019a\u00e9roport d\u2019Agadir, cela vous permettra de profiter du paysage de la route et d\u2019en profiter pour d\u00e9couvrir les villages Tamraght et Aourir, qui repr\u00e9sentent tous deux d\u2019important centre de production de bananes.<\/span><\/span><\/span><\/p>\n<p style=\"margin-right: 0cm; margin-bottom: 20px; margin-left: 0cm; color: #5c5c5c; font-size: 15px; background-color: #fbfbfb; text-align: justify;\"><span style=\"font-size: 11pt;\"><span style=\"font-family: Calibri, sans-serif;\"><span style=\"font-size: 12pt;\">Vous appr\u00e9cierez particuli\u00e8rement les activit\u00e9s locales telles que la p\u00eache et pourrez d\u00e9couvrir la mani\u00e8re dont les Berb\u00e8res produisent de l&rsquo;huile d&rsquo;argan. Adonnez-vous \u00e0 c\u0153ur joie au tourisme et go\u00fbtez \u00e0 l\u2019humeur chaleureuse des habitants.<\/span><\/span><\/span><\/p>\n<p><\/p>\t\t\t\t\t\t\t\t<\/div>\n\t\t\t\t<\/div>\n\t\t\t\t\t<\/div>\n\t\t<\/div>\n\t\t\t\t\t<\/div>\n\t\t<\/section>\n\t\t\t\t<section class=\"elementor-section elementor-top-section elementor-element elementor-element-5ae571a elementor-section-boxed elementor-section-height-default elementor-section-height-default\" data-id=\"5ae571a\" data-element_type=\"section\">\n\t\t\t\t\t\t<div class=\"elementor-container elementor-column-gap-default\">\n\t\t\t\t\t<div class=\"elementor-column elementor-col-100 elementor-top-column elementor-element elementor-element-cbeb279\" data-id=\"cbeb279\" data-element_type=\"column\">\n\t\t\t<div class=\"elementor-widget-wrap elementor-element-populated\">\n\t\t\t\t\t\t<div class=\"elementor-element elementor-element-49e3832 elementor-button-success elementor-align-center elementor-widget elementor-widget-button\" data-id=\"49e3832\" data-element_type=\"widget\" data-widget_type=\"button.default\">\n\t\t\t\t<div class=\"elementor-widget-container\">\n\t\t\t\t\t\t\t\t\t<div class=\"elementor-button-wrapper\">\n\t\t\t\t\t<a class=\"elementor-button elementor-button-link elementor-size-md\" href=\"https:\/\/autovitecar.com\/product-category\/rental\/car\/\">\n\t\t\t\t\t\t<span class=\"elementor-button-content-wrapper\">\n\t\t\t\t\t\t<span class=\"elementor-button-icon\">\n\t\t\t\t<i aria-hidden=\"true\" class=\"far fa-bell\"><\/i>\t\t\t<\/span>\n\t\t\t\t\t\t\t\t\t<span class=\"elementor-button-text\">D\u00e9couvrez nos voitures           <\/span>\n\t\t\t\t\t<\/span>\n\t\t\t\t\t<\/a>\n\t\t\t\t<\/div>\n\t\t\t\t\t\t\t\t<\/div>\n\t\t\t\t<\/div>\n\t\t\t\t\t<\/div>\n\t\t<\/div>\n\t\t\t\t\t<\/div>\n\t\t<\/section>\n\t\t\t\t<\/div>\n\t\t","protected":false},"excerpt":{"rendered":"<p>Optez pour une voiture lou\u00e9e chez Auto Vite Car\u00a0 \u00e0 Taghazout Vous \u00eates \u00e0 la recherche d\u2019une\u00a0location voiture\u00a0Taghazout, ce magnifique petit village de p\u00eache o\u00f9 il fait bon vivre\u00a0? Faites appel aux\u00a0services de votre\u00a0agence\u00a0Auto Vite Car\u00a0pour louer un v\u00e9hicule \u00e0 Taghazout\u00a0de qualit\u00e9, parfaitement adapt\u00e9 pour tous vos p\u00e9riples. Que vous ayez besoin d\u2019une\u00a04&#215;4 tout-terrain diesel, [&hellip;]<\/p>\n","protected":false},"author":1,"featured_media":0,"parent":0,"menu_order":0,"comment_status":"closed","ping_status":"closed","template":"","meta":{"footnotes":""},"class_list":["post-2","page","type-page","status-publish","hentry"],"yoast_head":"<!-- This site is optimized with the Yoast SEO plugin v26.3 - https:\/\/yoast.com\/wordpress\/plugins\/seo\/ -->\n<title>LOCATION VOITURE TAGHAZOUT - Auto Vite Car<\/title>\n<meta name=\"description\" content=\"Vous \u00eates \u00e0 la recherche d\u2019une location voiture Taghazout, ce magnifique petit village de p\u00eache o\u00f9 il fait bon vivre AUTO VITE CAR\" \/>\n<meta name=\"robots\" content=\"index, follow, max-snippet:-1, max-image-preview:large, max-video-preview:-1\" \/>\n<link rel=\"canonical\" href=\"https:\/\/autovitecar.com\/fr\/location-voiture-taghazout\/\" \/>\n<meta property=\"og:locale\" content=\"fr_FR\" \/>\n<meta property=\"og:type\" content=\"article\" \/>\n<meta property=\"og:title\" content=\"LOCATION VOITURE TAGHAZOUT - Auto Vite Car\" \/>\n<meta property=\"og:description\" content=\"Vous \u00eates \u00e0 la recherche d\u2019une location voiture Taghazout, ce magnifique petit village de p\u00eache o\u00f9 il fait bon vivre AUTO VITE CAR\" \/>\n<meta property=\"og:url\" content=\"https:\/\/autovitecar.com\/fr\/location-voiture-taghazout\/\" \/>\n<meta property=\"og:site_name\" content=\"Auto Vite Car\" \/>\n<meta property=\"article:modified_time\" content=\"2022-11-28T02:10:47+00:00\" \/>\n<meta property=\"og:image\" content=\"https:\/\/autovitecar.com\/wp-content\/uploads\/2022\/11\/Taghazout-beach-boats-300x204.jpeg\" \/>\n<meta name=\"twitter:card\" content=\"summary_large_image\" \/>\n<meta name=\"twitter:label1\" content=\"Dur\u00e9e de lecture estim\u00e9e\" \/>\n\t<meta name=\"twitter:data1\" content=\"3 minutes\" \/>\n<script type=\"application\/ld+json\" class=\"yoast-schema-graph\">{\"@context\":\"https:\/\/schema.org\",\"@graph\":[{\"@type\":\"WebPage\",\"@id\":\"https:\/\/autovitecar.com\/location-voiture-taghazout\/\",\"url\":\"https:\/\/autovitecar.com\/location-voiture-taghazout\/\",\"name\":\"LOCATION VOITURE TAGHAZOUT - Auto Vite Car\",\"isPartOf\":{\"@id\":\"https:\/\/autovitecar.com\/#website\"},\"primaryImageOfPage\":{\"@id\":\"https:\/\/autovitecar.com\/location-voiture-taghazout\/#primaryimage\"},\"image\":{\"@id\":\"https:\/\/autovitecar.com\/location-voiture-taghazout\/#primaryimage\"},\"thumbnailUrl\":\"https:\/\/autovitecar.com\/wp-content\/uploads\/2022\/11\/Taghazout-beach-boats-300x204.jpeg\",\"datePublished\":\"2022-11-23T23:54:53+00:00\",\"dateModified\":\"2022-11-28T02:10:47+00:00\",\"description\":\"Vous \u00eates \u00e0 la recherche d\u2019une location voiture Taghazout, ce magnifique petit village de p\u00eache o\u00f9 il fait bon vivre AUTO VITE CAR\",\"breadcrumb\":{\"@id\":\"https:\/\/autovitecar.com\/location-voiture-taghazout\/#breadcrumb\"},\"inLanguage\":\"fr-FR\",\"potentialAction\":[{\"@type\":\"ReadAction\",\"target\":[\"https:\/\/autovitecar.com\/location-voiture-taghazout\/\"]}]},{\"@type\":\"ImageObject\",\"inLanguage\":\"fr-FR\",\"@id\":\"https:\/\/autovitecar.com\/location-voiture-taghazout\/#primaryimage\",\"url\":\"https:\/\/autovitecar.com\/wp-content\/uploads\/2022\/11\/Taghazout-beach-boats-300x204.jpeg\",\"contentUrl\":\"https:\/\/autovitecar.com\/wp-content\/uploads\/2022\/11\/Taghazout-beach-boats-300x204.jpeg\"},{\"@type\":\"BreadcrumbList\",\"@id\":\"https:\/\/autovitecar.com\/location-voiture-taghazout\/#breadcrumb\",\"itemListElement\":[{\"@type\":\"ListItem\",\"position\":1,\"name\":\"Home\",\"item\":\"https:\/\/autovitecar.com\/\"},{\"@type\":\"ListItem\",\"position\":2,\"name\":\"LOCATION VOITURE TAGHAZOUT\"}]},{\"@type\":\"WebSite\",\"@id\":\"https:\/\/autovitecar.com\/#website\",\"url\":\"https:\/\/autovitecar.com\/\",\"name\":\"Auto Vite Car\",\"description\":\"Agence de location voiture Agadir\",\"potentialAction\":[{\"@type\":\"SearchAction\",\"target\":{\"@type\":\"EntryPoint\",\"urlTemplate\":\"https:\/\/autovitecar.com\/?s={search_term_string}\"},\"query-input\":{\"@type\":\"PropertyValueSpecification\",\"valueRequired\":true,\"valueName\":\"search_term_string\"}}],\"inLanguage\":\"fr-FR\"}]}<\/script>\n<!-- \/ Yoast SEO plugin. -->","yoast_head_json":{"title":"LOCATION VOITURE TAGHAZOUT - Auto Vite Car","description":"Vous \u00eates \u00e0 la recherche d\u2019une location voiture Taghazout, ce magnifique petit village de p\u00eache o\u00f9 il fait bon vivre AUTO VITE CAR","robots":{"index":"index","follow":"follow","max-snippet":"max-snippet:-1","max-image-preview":"max-image-preview:large","max-video-preview":"max-video-preview:-1"},"canonical":"https:\/\/autovitecar.com\/fr\/location-voiture-taghazout\/","og_locale":"fr_FR","og_type":"article","og_title":"LOCATION VOITURE TAGHAZOUT - Auto Vite Car","og_description":"Vous \u00eates \u00e0 la recherche d\u2019une location voiture Taghazout, ce magnifique petit village de p\u00eache o\u00f9 il fait bon vivre AUTO VITE CAR","og_url":"https:\/\/autovitecar.com\/fr\/location-voiture-taghazout\/","og_site_name":"Auto Vite Car","article_modified_time":"2022-11-28T02:10:47+00:00","og_image":[{"url":"https:\/\/autovitecar.com\/wp-content\/uploads\/2022\/11\/Taghazout-beach-boats-300x204.jpeg","type":"","width":"","height":""}],"twitter_card":"summary_large_image","twitter_misc":{"Dur\u00e9e de lecture estim\u00e9e":"3 minutes"},"schema":{"@context":"https:\/\/schema.org","@graph":[{"@type":"WebPage","@id":"https:\/\/autovitecar.com\/location-voiture-taghazout\/","url":"https:\/\/autovitecar.com\/location-voiture-taghazout\/","name":"LOCATION VOITURE TAGHAZOUT - Auto Vite Car","isPartOf":{"@id":"https:\/\/autovitecar.com\/#website"},"primaryImageOfPage":{"@id":"https:\/\/autovitecar.com\/location-voiture-taghazout\/#primaryimage"},"image":{"@id":"https:\/\/autovitecar.com\/location-voiture-taghazout\/#primaryimage"},"thumbnailUrl":"https:\/\/autovitecar.com\/wp-content\/uploads\/2022\/11\/Taghazout-beach-boats-300x204.jpeg","datePublished":"2022-11-23T23:54:53+00:00","dateModified":"2022-11-28T02:10:47+00:00","description":"Vous \u00eates \u00e0 la recherche d\u2019une location voiture Taghazout, ce magnifique petit village de p\u00eache o\u00f9 il fait bon vivre AUTO VITE CAR","breadcrumb":{"@id":"https:\/\/autovitecar.com\/location-voiture-taghazout\/#breadcrumb"},"inLanguage":"fr-FR","potentialAction":[{"@type":"ReadAction","target":["https:\/\/autovitecar.com\/location-voiture-taghazout\/"]}]},{"@type":"ImageObject","inLanguage":"fr-FR","@id":"https:\/\/autovitecar.com\/location-voiture-taghazout\/#primaryimage","url":"https:\/\/autovitecar.com\/wp-content\/uploads\/2022\/11\/Taghazout-beach-boats-300x204.jpeg","contentUrl":"https:\/\/autovitecar.com\/wp-content\/uploads\/2022\/11\/Taghazout-beach-boats-300x204.jpeg"},{"@type":"BreadcrumbList","@id":"https:\/\/autovitecar.com\/location-voiture-taghazout\/#breadcrumb","itemListElement":[{"@type":"ListItem","position":1,"name":"Home","item":"https:\/\/autovitecar.com\/"},{"@type":"ListItem","position":2,"name":"LOCATION VOITURE TAGHAZOUT"}]},{"@type":"WebSite","@id":"https:\/\/autovitecar.com\/#website","url":"https:\/\/autovitecar.com\/","name":"Auto Vite Car","description":"Agence de location voiture Agadir","potentialAction":[{"@type":"SearchAction","target":{"@type":"EntryPoint","urlTemplate":"https:\/\/autovitecar.com\/?s={search_term_string}"},"query-input":{"@type":"PropertyValueSpecification","valueRequired":true,"valueName":"search_term_string"}}],"inLanguage":"fr-FR"}]}},"jetpack_sharing_enabled":true,"_links":{"self":[{"href":"https:\/\/autovitecar.com\/fr\/wp-json\/wp\/v2\/pages\/2","targetHints":{"allow":["GET"]}}],"collection":[{"href":"https:\/\/autovitecar.com\/fr\/wp-json\/wp\/v2\/pages"}],"about":[{"href":"https:\/\/autovitecar.com\/fr\/wp-json\/wp\/v2\/types\/page"}],"author":[{"embeddable":true,"href":"https:\/\/autovitecar.com\/fr\/wp-json\/wp\/v2\/users\/1"}],"replies":[{"embeddable":true,"href":"https:\/\/autovitecar.com\/fr\/wp-json\/wp\/v2\/comments?post=2"}],"version-history":[{"count":7,"href":"https:\/\/autovitecar.com\/fr\/wp-json\/wp\/v2\/pages\/2\/revisions"}],"predecessor-version":[{"id":3454,"href":"https:\/\/autovitecar.com\/fr\/wp-json\/wp\/v2\/pages\/2\/revisions\/3454"}],"wp:attachment":[{"href":"https:\/\/autovitecar.com\/fr\/wp-json\/wp\/v2\/media?parent=2"}],"curies":[{"name":"wp","href":"https:\/\/api.w.org\/{rel}","templated":true}]}}