{"id":1424,"date":"2018-07-27T09:21:05","date_gmt":"2018-07-27T09:21:05","guid":{"rendered":"https:\/\/demo.ovatheme.com\/ireca\/?page_id=1424"},"modified":"2022-11-25T02:31:22","modified_gmt":"2022-11-25T02:31:22","slug":"faq","status":"publish","type":"page","link":"https:\/\/autovitecar.com\/fr\/faq\/","title":{"rendered":"FAQ"},"content":{"rendered":"\t\t<div data-elementor-type=\"wp-post\" data-elementor-id=\"1424\" class=\"elementor elementor-1424\">\n\t\t\t\t\t\t<section class=\"elementor-section elementor-top-section elementor-element elementor-element-3f66b5e elementor-section-boxed elementor-section-height-default elementor-section-height-default\" data-id=\"3f66b5e\" data-element_type=\"section\">\n\t\t\t\t\t\t<div class=\"elementor-container elementor-column-gap-no\">\n\t\t\t\t\t<div class=\"elementor-column elementor-col-100 elementor-top-column elementor-element elementor-element-9182744\" data-id=\"9182744\" data-element_type=\"column\">\n\t\t\t<div class=\"elementor-widget-wrap elementor-element-populated\">\n\t\t\t\t\t\t<div class=\"elementor-element elementor-element-c1e00e7 elementor-widget elementor-widget-ovacrs_heading1\" data-id=\"c1e00e7\" data-element_type=\"widget\" data-widget_type=\"ovacrs_heading1.default\">\n\t\t\t\t<div class=\"elementor-widget-container\">\n\t\t\t\t\t<div class=\"ovacrs_heading1  style1  text-left border_yes\"><h3 class=\"title\"><span>FAQ \u00e0 propos de la location de voiture <\/span><\/h3><div class=\"desc\"><\/div><\/div>\t\t\t\t<\/div>\n\t\t\t\t<\/div>\n\t\t\t\t<section class=\"elementor-section elementor-inner-section elementor-element elementor-element-72af9b7 elementor-section-boxed elementor-section-height-default elementor-section-height-default\" data-id=\"72af9b7\" data-element_type=\"section\">\n\t\t\t\t\t\t<div class=\"elementor-container elementor-column-gap-default\">\n\t\t\t\t\t<div class=\"elementor-column elementor-col-50 elementor-inner-column elementor-element elementor-element-45ba8ed\" data-id=\"45ba8ed\" data-element_type=\"column\">\n\t\t\t<div class=\"elementor-widget-wrap elementor-element-populated\">\n\t\t\t\t\t\t<div class=\"elementor-element elementor-element-e231b42 elementor-widget elementor-widget-toggle\" data-id=\"e231b42\" data-element_type=\"widget\" data-widget_type=\"toggle.default\">\n\t\t\t\t<div class=\"elementor-widget-container\">\n\t\t\t\t\t\t\t<div class=\"elementor-toggle\">\n\t\t\t\t\t\t\t<div class=\"elementor-toggle-item\">\n\t\t\t\t\t<div id=\"elementor-tab-title-2371\" class=\"elementor-tab-title\" data-tab=\"1\" role=\"button\" aria-controls=\"elementor-tab-content-2371\" aria-expanded=\"false\">\n\t\t\t\t\t\t\t\t\t\t\t\t<span class=\"elementor-toggle-icon elementor-toggle-icon-right\" aria-hidden=\"true\">\n\t\t\t\t\t\t\t\t\t\t\t\t\t\t\t<span class=\"elementor-toggle-icon-closed\"><i class=\"fas fa-angle-down\"><\/i><\/span>\n\t\t\t\t\t\t\t\t<span class=\"elementor-toggle-icon-opened\"><i class=\"elementor-toggle-icon-opened fas fa-angle-up\"><\/i><\/span>\n\t\t\t\t\t\t\t\t\t\t\t\t\t<\/span>\n\t\t\t\t\t\t\t\t\t\t\t\t<a class=\"elementor-toggle-title\" tabindex=\"0\">Comment trouver le meilleur deal en location de voiture \u00e0 Agadir ?<\/a>\n\t\t\t\t\t<\/div>\n\n\t\t\t\t\t<div id=\"elementor-tab-content-2371\" class=\"elementor-tab-content elementor-clearfix\" data-tab=\"1\" role=\"region\" aria-labelledby=\"elementor-tab-title-2371\"><p>Il suffit de vous rendre sur notre site internet\u00a0<em>www.autovitecar.com<\/em>, les offres les moins ch\u00e8res sur le march\u00e9 de la location de voiture sont \u00e0 vous !<\/p><\/div>\n\t\t\t\t<\/div>\n\t\t\t\t\t\t\t<div class=\"elementor-toggle-item\">\n\t\t\t\t\t<div id=\"elementor-tab-title-2372\" class=\"elementor-tab-title\" data-tab=\"2\" role=\"button\" aria-controls=\"elementor-tab-content-2372\" aria-expanded=\"false\">\n\t\t\t\t\t\t\t\t\t\t\t\t<span class=\"elementor-toggle-icon elementor-toggle-icon-right\" aria-hidden=\"true\">\n\t\t\t\t\t\t\t\t\t\t\t\t\t\t\t<span class=\"elementor-toggle-icon-closed\"><i class=\"fas fa-angle-down\"><\/i><\/span>\n\t\t\t\t\t\t\t\t<span class=\"elementor-toggle-icon-opened\"><i class=\"elementor-toggle-icon-opened fas fa-angle-up\"><\/i><\/span>\n\t\t\t\t\t\t\t\t\t\t\t\t\t<\/span>\n\t\t\t\t\t\t\t\t\t\t\t\t<a class=\"elementor-toggle-title\" tabindex=\"0\">Quel est le meilleur prix de location d'une voiture chez Auto Vite Car Agadir?<\/a>\n\t\t\t\t\t<\/div>\n\n\t\t\t\t\t<div id=\"elementor-tab-content-2372\" class=\"elementor-tab-content elementor-clearfix\" data-tab=\"2\" role=\"region\" aria-labelledby=\"elementor-tab-title-2372\"><p>La voiture de location la moins ch\u00e8re chez Auto Vite Car Agadir est la <em>Kia Picanto<\/em>\u00a0ou la\u00a0<em>Hyundai i10<\/em> en version \u00e0 boite \u00e0 vitesse manuelle. Auto Vite Car Agadir vous les propose \u00e0 partir de<em> 20\u20ac<\/em>\u00a0par jour seulement.<\/p><\/div>\n\t\t\t\t<\/div>\n\t\t\t\t\t\t\t<div class=\"elementor-toggle-item\">\n\t\t\t\t\t<div id=\"elementor-tab-title-2373\" class=\"elementor-tab-title\" data-tab=\"3\" role=\"button\" aria-controls=\"elementor-tab-content-2373\" aria-expanded=\"false\">\n\t\t\t\t\t\t\t\t\t\t\t\t<span class=\"elementor-toggle-icon elementor-toggle-icon-right\" aria-hidden=\"true\">\n\t\t\t\t\t\t\t\t\t\t\t\t\t\t\t<span class=\"elementor-toggle-icon-closed\"><i class=\"fas fa-angle-down\"><\/i><\/span>\n\t\t\t\t\t\t\t\t<span class=\"elementor-toggle-icon-opened\"><i class=\"elementor-toggle-icon-opened fas fa-angle-up\"><\/i><\/span>\n\t\t\t\t\t\t\t\t\t\t\t\t\t<\/span>\n\t\t\t\t\t\t\t\t\t\t\t\t<a class=\"elementor-toggle-title\" tabindex=\"0\">Dois-je payer ma r\u00e9servation de voiture de location sur Autovitecar.Com \u00e0 l'avance ?<\/a>\n\t\t\t\t\t<\/div>\n\n\t\t\t\t\t<div id=\"elementor-tab-content-2373\" class=\"elementor-tab-content elementor-clearfix\" data-tab=\"3\" role=\"region\" aria-labelledby=\"elementor-tab-title-2373\"><p>Aucune avance n&rsquo;est impos\u00e9e pour r\u00e9server une voiture de location sur Autovitecar.Com. Le paiement de la location se fait \u00e0 la livraison.<\/p><\/div>\n\t\t\t\t<\/div>\n\t\t\t\t\t\t\t<div class=\"elementor-toggle-item\">\n\t\t\t\t\t<div id=\"elementor-tab-title-2374\" class=\"elementor-tab-title\" data-tab=\"4\" role=\"button\" aria-controls=\"elementor-tab-content-2374\" aria-expanded=\"false\">\n\t\t\t\t\t\t\t\t\t\t\t\t<span class=\"elementor-toggle-icon elementor-toggle-icon-right\" aria-hidden=\"true\">\n\t\t\t\t\t\t\t\t\t\t\t\t\t\t\t<span class=\"elementor-toggle-icon-closed\"><i class=\"fas fa-angle-down\"><\/i><\/span>\n\t\t\t\t\t\t\t\t<span class=\"elementor-toggle-icon-opened\"><i class=\"elementor-toggle-icon-opened fas fa-angle-up\"><\/i><\/span>\n\t\t\t\t\t\t\t\t\t\t\t\t\t<\/span>\n\t\t\t\t\t\t\t\t\t\t\t\t<a class=\"elementor-toggle-title\" tabindex=\"0\">Quels documents dois-je pr\u00e9parer pour louer une voiture chez Auto Vite Car Agadir ?<\/a>\n\t\t\t\t\t<\/div>\n\n\t\t\t\t\t<div id=\"elementor-tab-content-2374\" class=\"elementor-tab-content elementor-clearfix\" data-tab=\"4\" role=\"region\" aria-labelledby=\"elementor-tab-title-2374\"><p>Pour faciliter la t\u00e2che et la dur\u00e9e de la livraison de la voiture de location, nous vous conseillons de pr\u00e9parer\u00a0<em>une copie d&rsquo;une pi\u00e8ce d\u2019identit\u00e9<\/em>\u00a0du premier conducteur en cours de validit\u00e9 et\u00a0<em>une copie de son permis de conduire<\/em>.<\/p><\/div>\n\t\t\t\t<\/div>\n\t\t\t\t\t\t\t<div class=\"elementor-toggle-item\">\n\t\t\t\t\t<div id=\"elementor-tab-title-2375\" class=\"elementor-tab-title\" data-tab=\"5\" role=\"button\" aria-controls=\"elementor-tab-content-2375\" aria-expanded=\"false\">\n\t\t\t\t\t\t\t\t\t\t\t\t<span class=\"elementor-toggle-icon elementor-toggle-icon-right\" aria-hidden=\"true\">\n\t\t\t\t\t\t\t\t\t\t\t\t\t\t\t<span class=\"elementor-toggle-icon-closed\"><i class=\"fas fa-angle-down\"><\/i><\/span>\n\t\t\t\t\t\t\t\t<span class=\"elementor-toggle-icon-opened\"><i class=\"elementor-toggle-icon-opened fas fa-angle-up\"><\/i><\/span>\n\t\t\t\t\t\t\t\t\t\t\t\t\t<\/span>\n\t\t\t\t\t\t\t\t\t\t\t\t<a class=\"elementor-toggle-title\" tabindex=\"0\"> Est ce que l'annulation d'une r\u00e9servation d'une voiture de location sur Autovitecar.Com est payante ?<\/a>\n\t\t\t\t\t<\/div>\n\n\t\t\t\t\t<div id=\"elementor-tab-content-2375\" class=\"elementor-tab-content elementor-clearfix\" data-tab=\"5\" role=\"region\" aria-labelledby=\"elementor-tab-title-2375\"><p>La r\u00e9servation d&rsquo;une voiture de location \u00e0 Agadir sur <em>Autovitecar.Com<\/em>\u00a0est gratuite et sans acompte. M\u00eame chose pour les annulations. \u00c7a ne vous coute rien !<\/p><\/div>\n\t\t\t\t<\/div>\n\t\t\t\t\t\t\t\t<\/div>\n\t\t\t\t\t\t<\/div>\n\t\t\t\t<\/div>\n\t\t\t\t\t<\/div>\n\t\t<\/div>\n\t\t\t\t<div class=\"elementor-column elementor-col-50 elementor-inner-column elementor-element elementor-element-416e3c2\" data-id=\"416e3c2\" data-element_type=\"column\">\n\t\t\t<div class=\"elementor-widget-wrap elementor-element-populated\">\n\t\t\t\t\t\t<div class=\"elementor-element elementor-element-1e7f4a3 elementor-widget elementor-widget-image\" data-id=\"1e7f4a3\" data-element_type=\"widget\" data-widget_type=\"image.default\">\n\t\t\t\t<div class=\"elementor-widget-container\">\n\t\t\t\t\t\t\t\t\t\t\t\t\t\t\t<img fetchpriority=\"high\" decoding=\"async\" width=\"1024\" height=\"577\" src=\"https:\/\/autovitecar.com\/wp-content\/uploads\/2022\/11\/Screen-Shot-2022-11-25-at-02.49.26-1024x577.png\" class=\"attachment-large size-large wp-image-3298\" alt=\"\" srcset=\"https:\/\/autovitecar.com\/wp-content\/uploads\/2022\/11\/Screen-Shot-2022-11-25-at-02.49.26-1024x577.png 1024w, https:\/\/autovitecar.com\/wp-content\/uploads\/2022\/11\/Screen-Shot-2022-11-25-at-02.49.26-300x169.png 300w, https:\/\/autovitecar.com\/wp-content\/uploads\/2022\/11\/Screen-Shot-2022-11-25-at-02.49.26-768x432.png 768w, https:\/\/autovitecar.com\/wp-content\/uploads\/2022\/11\/Screen-Shot-2022-11-25-at-02.49.26-1536x865.png 1536w, https:\/\/autovitecar.com\/wp-content\/uploads\/2022\/11\/Screen-Shot-2022-11-25-at-02.49.26-2048x1153.png 2048w, https:\/\/autovitecar.com\/wp-content\/uploads\/2022\/11\/Screen-Shot-2022-11-25-at-02.49.26-350x197.png 350w, https:\/\/autovitecar.com\/wp-content\/uploads\/2022\/11\/Screen-Shot-2022-11-25-at-02.49.26-600x338.png 600w\" sizes=\"(max-width: 1024px) 100vw, 1024px\" \/>\t\t\t\t\t\t\t\t\t\t\t\t\t\t\t<\/div>\n\t\t\t\t<\/div>\n\t\t\t\t\t<\/div>\n\t\t<\/div>\n\t\t\t\t\t<\/div>\n\t\t<\/section>\n\t\t\t\t\t<\/div>\n\t\t<\/div>\n\t\t\t\t\t<\/div>\n\t\t<\/section>\n\t\t\t\t<section class=\"elementor-section elementor-top-section elementor-element elementor-element-5b5316f elementor-section-boxed elementor-section-height-default elementor-section-height-default\" data-id=\"5b5316f\" data-element_type=\"section\">\n\t\t\t\t\t\t<div class=\"elementor-container elementor-column-gap-default\">\n\t\t\t\t\t<div class=\"elementor-column elementor-col-100 elementor-top-column elementor-element elementor-element-d4858d7\" data-id=\"d4858d7\" data-element_type=\"column\">\n\t\t\t<div class=\"elementor-widget-wrap\">\n\t\t\t\t\t\t\t<\/div>\n\t\t<\/div>\n\t\t\t\t\t<\/div>\n\t\t<\/section>\n\t\t\t\t<\/div>\n\t\t","protected":false},"excerpt":{"rendered":"<p>FAQ \u00e0 propos de la location de voiture Comment trouver le meilleur deal en location de voiture \u00e0 Agadir ? Il suffit de vous rendre sur notre site internet&nbsp;www.autovitecar.com, les offres les moins ch\u00e8res sur le march\u00e9 de la location de voiture sont \u00e0 vous ! Quel est le meilleur prix de location d&rsquo;une voiture [&hellip;]<\/p>\n","protected":false},"author":1,"featured_media":0,"parent":0,"menu_order":0,"comment_status":"closed","ping_status":"closed","template":"templates\/home.php","meta":{"footnotes":""},"class_list":["post-1424","page","type-page","status-publish","hentry"],"yoast_head":"<!-- This site is optimized with the Yoast SEO plugin v26.3 - https:\/\/yoast.com\/wordpress\/plugins\/seo\/ -->\n<title>FAQ - Auto Vite Car<\/title>\n<meta name=\"robots\" content=\"index, follow, max-snippet:-1, max-image-preview:large, max-video-preview:-1\" \/>\n<link rel=\"canonical\" href=\"https:\/\/autovitecar.com\/fr\/faq\/\" \/>\n<meta property=\"og:locale\" content=\"fr_FR\" \/>\n<meta property=\"og:type\" content=\"article\" \/>\n<meta property=\"og:title\" content=\"FAQ - Auto Vite Car\" \/>\n<meta property=\"og:description\" content=\"FAQ \u00e0 propos de la location de voiture Comment trouver le meilleur deal en location de voiture \u00e0 Agadir ? Il suffit de vous rendre sur notre site internet&nbsp;www.autovitecar.com, les offres les moins ch\u00e8res sur le march\u00e9 de la location de voiture sont \u00e0 vous ! Quel est le meilleur prix de location d&rsquo;une voiture [&hellip;]\" \/>\n<meta property=\"og:url\" content=\"https:\/\/autovitecar.com\/fr\/faq\/\" \/>\n<meta property=\"og:site_name\" content=\"Auto Vite Car\" \/>\n<meta property=\"article:modified_time\" content=\"2022-11-25T02:31:22+00:00\" \/>\n<meta property=\"og:image\" content=\"http:\/\/autovitecar.com\/wp-content\/uploads\/2022\/11\/Screen-Shot-2022-11-25-at-02.49.26-1024x577.png\" \/>\n<meta name=\"twitter:card\" content=\"summary_large_image\" \/>\n<meta name=\"twitter:label1\" content=\"Dur\u00e9e de lecture estim\u00e9e\" \/>\n\t<meta name=\"twitter:data1\" content=\"2 minutes\" \/>\n<script type=\"application\/ld+json\" class=\"yoast-schema-graph\">{\"@context\":\"https:\/\/schema.org\",\"@graph\":[{\"@type\":\"WebPage\",\"@id\":\"https:\/\/autovitecar.com\/faq\/\",\"url\":\"https:\/\/autovitecar.com\/faq\/\",\"name\":\"FAQ - Auto Vite Car\",\"isPartOf\":{\"@id\":\"https:\/\/autovitecar.com\/#website\"},\"primaryImageOfPage\":{\"@id\":\"https:\/\/autovitecar.com\/faq\/#primaryimage\"},\"image\":{\"@id\":\"https:\/\/autovitecar.com\/faq\/#primaryimage\"},\"thumbnailUrl\":\"http:\/\/autovitecar.com\/wp-content\/uploads\/2022\/11\/Screen-Shot-2022-11-25-at-02.49.26-1024x577.png\",\"datePublished\":\"2018-07-27T09:21:05+00:00\",\"dateModified\":\"2022-11-25T02:31:22+00:00\",\"breadcrumb\":{\"@id\":\"https:\/\/autovitecar.com\/faq\/#breadcrumb\"},\"inLanguage\":\"fr-FR\",\"potentialAction\":[{\"@type\":\"ReadAction\",\"target\":[\"https:\/\/autovitecar.com\/faq\/\"]}]},{\"@type\":\"ImageObject\",\"inLanguage\":\"fr-FR\",\"@id\":\"https:\/\/autovitecar.com\/faq\/#primaryimage\",\"url\":\"http:\/\/autovitecar.com\/wp-content\/uploads\/2022\/11\/Screen-Shot-2022-11-25-at-02.49.26-1024x577.png\",\"contentUrl\":\"http:\/\/autovitecar.com\/wp-content\/uploads\/2022\/11\/Screen-Shot-2022-11-25-at-02.49.26-1024x577.png\"},{\"@type\":\"BreadcrumbList\",\"@id\":\"https:\/\/autovitecar.com\/faq\/#breadcrumb\",\"itemListElement\":[{\"@type\":\"ListItem\",\"position\":1,\"name\":\"Home\",\"item\":\"https:\/\/autovitecar.com\/\"},{\"@type\":\"ListItem\",\"position\":2,\"name\":\"FAQ\"}]},{\"@type\":\"WebSite\",\"@id\":\"https:\/\/autovitecar.com\/#website\",\"url\":\"https:\/\/autovitecar.com\/\",\"name\":\"Auto Vite Car\",\"description\":\"Agence de location voiture Agadir\",\"potentialAction\":[{\"@type\":\"SearchAction\",\"target\":{\"@type\":\"EntryPoint\",\"urlTemplate\":\"https:\/\/autovitecar.com\/?s={search_term_string}\"},\"query-input\":{\"@type\":\"PropertyValueSpecification\",\"valueRequired\":true,\"valueName\":\"search_term_string\"}}],\"inLanguage\":\"fr-FR\"}]}<\/script>\n<!-- \/ Yoast SEO plugin. -->","yoast_head_json":{"title":"FAQ - Auto Vite Car","robots":{"index":"index","follow":"follow","max-snippet":"max-snippet:-1","max-image-preview":"max-image-preview:large","max-video-preview":"max-video-preview:-1"},"canonical":"https:\/\/autovitecar.com\/fr\/faq\/","og_locale":"fr_FR","og_type":"article","og_title":"FAQ - Auto Vite Car","og_description":"FAQ \u00e0 propos de la location de voiture Comment trouver le meilleur deal en location de voiture \u00e0 Agadir ? Il suffit de vous rendre sur notre site internet&nbsp;www.autovitecar.com, les offres les moins ch\u00e8res sur le march\u00e9 de la location de voiture sont \u00e0 vous ! Quel est le meilleur prix de location d&rsquo;une voiture [&hellip;]","og_url":"https:\/\/autovitecar.com\/fr\/faq\/","og_site_name":"Auto Vite Car","article_modified_time":"2022-11-25T02:31:22+00:00","og_image":[{"url":"http:\/\/autovitecar.com\/wp-content\/uploads\/2022\/11\/Screen-Shot-2022-11-25-at-02.49.26-1024x577.png","type":"","width":"","height":""}],"twitter_card":"summary_large_image","twitter_misc":{"Dur\u00e9e de lecture estim\u00e9e":"2 minutes"},"schema":{"@context":"https:\/\/schema.org","@graph":[{"@type":"WebPage","@id":"https:\/\/autovitecar.com\/faq\/","url":"https:\/\/autovitecar.com\/faq\/","name":"FAQ - Auto Vite Car","isPartOf":{"@id":"https:\/\/autovitecar.com\/#website"},"primaryImageOfPage":{"@id":"https:\/\/autovitecar.com\/faq\/#primaryimage"},"image":{"@id":"https:\/\/autovitecar.com\/faq\/#primaryimage"},"thumbnailUrl":"http:\/\/autovitecar.com\/wp-content\/uploads\/2022\/11\/Screen-Shot-2022-11-25-at-02.49.26-1024x577.png","datePublished":"2018-07-27T09:21:05+00:00","dateModified":"2022-11-25T02:31:22+00:00","breadcrumb":{"@id":"https:\/\/autovitecar.com\/faq\/#breadcrumb"},"inLanguage":"fr-FR","potentialAction":[{"@type":"ReadAction","target":["https:\/\/autovitecar.com\/faq\/"]}]},{"@type":"ImageObject","inLanguage":"fr-FR","@id":"https:\/\/autovitecar.com\/faq\/#primaryimage","url":"http:\/\/autovitecar.com\/wp-content\/uploads\/2022\/11\/Screen-Shot-2022-11-25-at-02.49.26-1024x577.png","contentUrl":"http:\/\/autovitecar.com\/wp-content\/uploads\/2022\/11\/Screen-Shot-2022-11-25-at-02.49.26-1024x577.png"},{"@type":"BreadcrumbList","@id":"https:\/\/autovitecar.com\/faq\/#breadcrumb","itemListElement":[{"@type":"ListItem","position":1,"name":"Home","item":"https:\/\/autovitecar.com\/"},{"@type":"ListItem","position":2,"name":"FAQ"}]},{"@type":"WebSite","@id":"https:\/\/autovitecar.com\/#website","url":"https:\/\/autovitecar.com\/","name":"Auto Vite Car","description":"Agence de location voiture Agadir","potentialAction":[{"@type":"SearchAction","target":{"@type":"EntryPoint","urlTemplate":"https:\/\/autovitecar.com\/?s={search_term_string}"},"query-input":{"@type":"PropertyValueSpecification","valueRequired":true,"valueName":"search_term_string"}}],"inLanguage":"fr-FR"}]}},"jetpack_sharing_enabled":true,"_links":{"self":[{"href":"https:\/\/autovitecar.com\/fr\/wp-json\/wp\/v2\/pages\/1424","targetHints":{"allow":["GET"]}}],"collection":[{"href":"https:\/\/autovitecar.com\/fr\/wp-json\/wp\/v2\/pages"}],"about":[{"href":"https:\/\/autovitecar.com\/fr\/wp-json\/wp\/v2\/types\/page"}],"author":[{"embeddable":true,"href":"https:\/\/autovitecar.com\/fr\/wp-json\/wp\/v2\/users\/1"}],"replies":[{"embeddable":true,"href":"https:\/\/autovitecar.com\/fr\/wp-json\/wp\/v2\/comments?post=1424"}],"version-history":[{"count":5,"href":"https:\/\/autovitecar.com\/fr\/wp-json\/wp\/v2\/pages\/1424\/revisions"}],"predecessor-version":[{"id":3310,"href":"https:\/\/autovitecar.com\/fr\/wp-json\/wp\/v2\/pages\/1424\/revisions\/3310"}],"wp:attachment":[{"href":"https:\/\/autovitecar.com\/fr\/wp-json\/wp\/v2\/media?parent=1424"}],"curies":[{"name":"wp","href":"https:\/\/api.w.org\/{rel}","templated":true}]}}