{"id":3536,"date":"2025-04-13T01:12:40","date_gmt":"2025-04-13T00:12:40","guid":{"rendered":"https:\/\/autovitecar.com\/?post_type=product&#038;p=3536"},"modified":"2025-04-13T01:38:52","modified_gmt":"2025-04-13T00:38:52","slug":"audi-q8-sline","status":"publish","type":"product","link":"http:\/\/autovitecar.com\/fr\/product\/audi-q8-sline\/","title":{"rendered":"Audi Q8 Sline"},"content":{"rendered":"<h2>Location Audi Q8 Sline Marrakech<\/h2>\n<p>Location de 4\u00d74 Audi Q8 Sline avec sa bo\u00eete automatique \u00e0 Marrakech vous permet de passer de mani\u00e8re confortable et facile \u00e0 votre destination sans souci, Profiter de nos tarifs pas cher de location Audi Q8 Sline<strong>\u00a0\u00e0 Marrakech<\/strong> chez l\u2019agence de <a href=\"http:\/\/www.autovitecar.com\">Auto Vite Car<\/a>.<\/p>\n<h2>Location de Audi Q8 Sline \u00e0 Agadir<\/h2>\n<p>Audi Q8 Sline a augment\u00e9 le niveau d\u2019\u00e9quipement sur la 4\u00d74 Audi Q8 Sline, ce qui rend le r\u00e9gulateur de vitesse adaptatif, l\u2019avant-avertissement de collision, d\u2019un freinage d\u2019urgence automatique. Profitez de nos tarifs pas cher de location Audi Q8 Sline<strong>\u00a0\u00e0 Agadir<\/strong>, Casablanca et Rabat-Sal\u00e9 \u00e0 l\u2019A\u00e9roport ou centre ville. plus, Livraison de Audi Q8 Sline \u00e0 Essaouira, Sidi Ifni, Fes, Meknes, Mirleft, Taghazout et autres destinations au Maroc pour courte et longue dur\u00e9e.<\/p>\n","protected":false},"excerpt":{"rendered":"<p>Location Audi Q8 Sline Marrakech Location de 4\u00d74 Audi Q8 Sline avec sa bo\u00eete automatique \u00e0 Marrakech vous permet de passer de mani\u00e8re confortable et facile \u00e0 votre destination sans souci, Profiter de nos tarifs pas cher de location Audi Q8 Sline\u00a0\u00e0 Marrakech chez l\u2019agence de Auto Vite Car. Location de Audi Q8 Sline \u00e0 [&hellip;]<\/p>\n","protected":false},"featured_media":3538,"template":"","meta":[],"product_brand":[],"product_cat":[62,44,71],"product_tag":[],"class_list":{"0":"post-3536","1":"product","2":"type-product","3":"status-publish","4":"has-post-thumbnail","6":"product_cat-car","7":"product_cat-rental","8":"product_cat-voiture-4x4","10":"first","11":"instock","12":"shipping-taxable","13":"purchasable","14":"product-type-ovacrs_car_rental"},"yoast_head":"<!-- This site is optimized with the Yoast SEO plugin v26.3 - https:\/\/yoast.com\/wordpress\/plugins\/seo\/ -->\n<title>Audi Q8 Sline - Auto Vite Car<\/title>\n<meta name=\"description\" content=\"Location de 4\u00d74 Audi Q8 Sline avec sa bo\u00eete automatique \u00e0 Agadir vous permet de passer de mani\u00e8re confortable et facile \u00e0 votre destination..\" \/>\n<meta name=\"robots\" content=\"index, follow, max-snippet:-1, max-image-preview:large, max-video-preview:-1\" \/>\n<link rel=\"canonical\" href=\"https:\/\/autovitecar.com\/fr\/product\/audi-q8-sline\/\" \/>\n<meta property=\"og:locale\" content=\"fr_FR\" \/>\n<meta property=\"og:type\" content=\"article\" \/>\n<meta property=\"og:title\" content=\"Audi Q8 Sline - Auto Vite Car\" \/>\n<meta property=\"og:description\" content=\"Location de 4\u00d74 Audi Q8 Sline avec sa bo\u00eete automatique \u00e0 Agadir vous permet de passer de mani\u00e8re confortable et facile \u00e0 votre destination..\" \/>\n<meta property=\"og:url\" content=\"https:\/\/autovitecar.com\/fr\/product\/audi-q8-sline\/\" \/>\n<meta property=\"og:site_name\" content=\"Auto Vite Car\" \/>\n<meta property=\"article:modified_time\" content=\"2025-04-13T00:38:52+00:00\" \/>\n<meta property=\"og:image\" content=\"https:\/\/autovitecar.com\/wp-content\/uploads\/2025\/04\/Audi-Q8-Sline.jpeg\" \/>\n\t<meta property=\"og:image:width\" content=\"1170\" \/>\n\t<meta property=\"og:image:height\" content=\"1082\" \/>\n\t<meta property=\"og:image:type\" content=\"image\/jpeg\" \/>\n<meta name=\"twitter:card\" content=\"summary_large_image\" \/>\n<meta name=\"twitter:label1\" content=\"Dur\u00e9e de lecture estim\u00e9e\" \/>\n\t<meta name=\"twitter:data1\" content=\"1 minute\" \/>\n<script type=\"application\/ld+json\" class=\"yoast-schema-graph\">{\"@context\":\"https:\/\/schema.org\",\"@graph\":[{\"@type\":\"WebPage\",\"@id\":\"https:\/\/autovitecar.com\/product\/audi-q8-sline\/\",\"url\":\"https:\/\/autovitecar.com\/product\/audi-q8-sline\/\",\"name\":\"Audi Q8 Sline - Auto Vite Car\",\"isPartOf\":{\"@id\":\"https:\/\/autovitecar.com\/#website\"},\"primaryImageOfPage\":{\"@id\":\"https:\/\/autovitecar.com\/product\/audi-q8-sline\/#primaryimage\"},\"image\":{\"@id\":\"https:\/\/autovitecar.com\/product\/audi-q8-sline\/#primaryimage\"},\"thumbnailUrl\":\"https:\/\/autovitecar.com\/wp-content\/uploads\/2025\/04\/Audi-Q8-Sline.jpeg\",\"datePublished\":\"2025-04-13T00:12:40+00:00\",\"dateModified\":\"2025-04-13T00:38:52+00:00\",\"description\":\"Location de 4\u00d74 Audi Q8 Sline avec sa bo\u00eete automatique \u00e0 Agadir vous permet de passer de mani\u00e8re confortable et facile \u00e0 votre destination..\",\"breadcrumb\":{\"@id\":\"https:\/\/autovitecar.com\/product\/audi-q8-sline\/#breadcrumb\"},\"inLanguage\":\"fr-FR\",\"potentialAction\":[{\"@type\":\"ReadAction\",\"target\":[\"https:\/\/autovitecar.com\/product\/audi-q8-sline\/\"]}]},{\"@type\":\"ImageObject\",\"inLanguage\":\"fr-FR\",\"@id\":\"https:\/\/autovitecar.com\/product\/audi-q8-sline\/#primaryimage\",\"url\":\"https:\/\/autovitecar.com\/wp-content\/uploads\/2025\/04\/Audi-Q8-Sline.jpeg\",\"contentUrl\":\"https:\/\/autovitecar.com\/wp-content\/uploads\/2025\/04\/Audi-Q8-Sline.jpeg\",\"width\":1170,\"height\":1082},{\"@type\":\"BreadcrumbList\",\"@id\":\"https:\/\/autovitecar.com\/product\/audi-q8-sline\/#breadcrumb\",\"itemListElement\":[{\"@type\":\"ListItem\",\"position\":1,\"name\":\"Home\",\"item\":\"https:\/\/autovitecar.com\/\"},{\"@type\":\"ListItem\",\"position\":2,\"name\":\"Shop\",\"item\":\"https:\/\/autovitecar.com\/shop-2\/\"},{\"@type\":\"ListItem\",\"position\":3,\"name\":\"Audi Q8 Sline\"}]},{\"@type\":\"WebSite\",\"@id\":\"https:\/\/autovitecar.com\/#website\",\"url\":\"https:\/\/autovitecar.com\/\",\"name\":\"Auto Vite Car\",\"description\":\"Agence de location voiture Agadir\",\"potentialAction\":[{\"@type\":\"SearchAction\",\"target\":{\"@type\":\"EntryPoint\",\"urlTemplate\":\"https:\/\/autovitecar.com\/?s={search_term_string}\"},\"query-input\":{\"@type\":\"PropertyValueSpecification\",\"valueRequired\":true,\"valueName\":\"search_term_string\"}}],\"inLanguage\":\"fr-FR\"}]}<\/script>\n<!-- \/ Yoast SEO plugin. -->","yoast_head_json":{"title":"Audi Q8 Sline - Auto Vite Car","description":"Location de 4\u00d74 Audi Q8 Sline avec sa bo\u00eete automatique \u00e0 Agadir vous permet de passer de mani\u00e8re confortable et facile \u00e0 votre destination..","robots":{"index":"index","follow":"follow","max-snippet":"max-snippet:-1","max-image-preview":"max-image-preview:large","max-video-preview":"max-video-preview:-1"},"canonical":"https:\/\/autovitecar.com\/fr\/product\/audi-q8-sline\/","og_locale":"fr_FR","og_type":"article","og_title":"Audi Q8 Sline - Auto Vite Car","og_description":"Location de 4\u00d74 Audi Q8 Sline avec sa bo\u00eete automatique \u00e0 Agadir vous permet de passer de mani\u00e8re confortable et facile \u00e0 votre destination..","og_url":"https:\/\/autovitecar.com\/fr\/product\/audi-q8-sline\/","og_site_name":"Auto Vite Car","article_modified_time":"2025-04-13T00:38:52+00:00","og_image":[{"width":1170,"height":1082,"url":"https:\/\/autovitecar.com\/wp-content\/uploads\/2025\/04\/Audi-Q8-Sline.jpeg","type":"image\/jpeg"}],"twitter_card":"summary_large_image","twitter_misc":{"Dur\u00e9e de lecture estim\u00e9e":"1 minute"},"schema":{"@context":"https:\/\/schema.org","@graph":[{"@type":"WebPage","@id":"https:\/\/autovitecar.com\/product\/audi-q8-sline\/","url":"https:\/\/autovitecar.com\/product\/audi-q8-sline\/","name":"Audi Q8 Sline - Auto Vite Car","isPartOf":{"@id":"https:\/\/autovitecar.com\/#website"},"primaryImageOfPage":{"@id":"https:\/\/autovitecar.com\/product\/audi-q8-sline\/#primaryimage"},"image":{"@id":"https:\/\/autovitecar.com\/product\/audi-q8-sline\/#primaryimage"},"thumbnailUrl":"https:\/\/autovitecar.com\/wp-content\/uploads\/2025\/04\/Audi-Q8-Sline.jpeg","datePublished":"2025-04-13T00:12:40+00:00","dateModified":"2025-04-13T00:38:52+00:00","description":"Location de 4\u00d74 Audi Q8 Sline avec sa bo\u00eete automatique \u00e0 Agadir vous permet de passer de mani\u00e8re confortable et facile \u00e0 votre destination..","breadcrumb":{"@id":"https:\/\/autovitecar.com\/product\/audi-q8-sline\/#breadcrumb"},"inLanguage":"fr-FR","potentialAction":[{"@type":"ReadAction","target":["https:\/\/autovitecar.com\/product\/audi-q8-sline\/"]}]},{"@type":"ImageObject","inLanguage":"fr-FR","@id":"https:\/\/autovitecar.com\/product\/audi-q8-sline\/#primaryimage","url":"https:\/\/autovitecar.com\/wp-content\/uploads\/2025\/04\/Audi-Q8-Sline.jpeg","contentUrl":"https:\/\/autovitecar.com\/wp-content\/uploads\/2025\/04\/Audi-Q8-Sline.jpeg","width":1170,"height":1082},{"@type":"BreadcrumbList","@id":"https:\/\/autovitecar.com\/product\/audi-q8-sline\/#breadcrumb","itemListElement":[{"@type":"ListItem","position":1,"name":"Home","item":"https:\/\/autovitecar.com\/"},{"@type":"ListItem","position":2,"name":"Shop","item":"https:\/\/autovitecar.com\/shop-2\/"},{"@type":"ListItem","position":3,"name":"Audi Q8 Sline"}]},{"@type":"WebSite","@id":"https:\/\/autovitecar.com\/#website","url":"https:\/\/autovitecar.com\/","name":"Auto Vite Car","description":"Agence de location voiture Agadir","potentialAction":[{"@type":"SearchAction","target":{"@type":"EntryPoint","urlTemplate":"https:\/\/autovitecar.com\/?s={search_term_string}"},"query-input":{"@type":"PropertyValueSpecification","valueRequired":true,"valueName":"search_term_string"}}],"inLanguage":"fr-FR"}]}},"jetpack_sharing_enabled":true,"_links":{"self":[{"href":"http:\/\/autovitecar.com\/fr\/wp-json\/wp\/v2\/product\/3536","targetHints":{"allow":["GET"]}}],"collection":[{"href":"http:\/\/autovitecar.com\/fr\/wp-json\/wp\/v2\/product"}],"about":[{"href":"http:\/\/autovitecar.com\/fr\/wp-json\/wp\/v2\/types\/product"}],"wp:featuredmedia":[{"embeddable":true,"href":"http:\/\/autovitecar.com\/fr\/wp-json\/wp\/v2\/media\/3538"}],"wp:attachment":[{"href":"http:\/\/autovitecar.com\/fr\/wp-json\/wp\/v2\/media?parent=3536"}],"wp:term":[{"taxonomy":"product_brand","embeddable":true,"href":"http:\/\/autovitecar.com\/fr\/wp-json\/wp\/v2\/product_brand?post=3536"},{"taxonomy":"product_cat","embeddable":true,"href":"http:\/\/autovitecar.com\/fr\/wp-json\/wp\/v2\/product_cat?post=3536"},{"taxonomy":"product_tag","embeddable":true,"href":"http:\/\/autovitecar.com\/fr\/wp-json\/wp\/v2\/product_tag?post=3536"}],"curies":[{"name":"wp","href":"https:\/\/api.w.org\/{rel}","templated":true}]}}