{"id":3486,"date":"2022-12-08T14:16:28","date_gmt":"2022-12-08T13:16:28","guid":{"rendered":"https:\/\/autovitecar.com\/?post_type=product&#038;p=3486"},"modified":"2025-04-13T00:46:57","modified_gmt":"2025-04-12T23:46:57","slug":"dacia-sandero","status":"publish","type":"product","link":"http:\/\/autovitecar.com\/fr\/product\/dacia-sandero\/","title":{"rendered":"Dacia Sandero"},"content":{"rendered":"<h2>Louer Dacia Sandero Diesel \u00e0 Agadir : fiabilit\u00e9 et \u00e9conomies en un clic<\/h2>\n<p>Touriste \u00e0 la recherche d\u2019une voiture de location au Maroc ou r\u00e9sident souhaitant louer une auto de qualit\u00e9 pour un p\u00e9riple entre amis ou en famille, ceci est pour vous ! Optez pour la\u00a0<strong>location Dacia Sandero diesel \u00e0 Agadir aeropot<\/strong> propos\u00e9e par Auto Vite Car. Procurez-vous ce v\u00e9hicule aussi fiable qu\u2019\u00e9conomique des votre arrivee a l&rsquo;aeroport Agadir et transformez vos trajets quotidiens en un plaisir intense.<\/p>\n<h2>Se faire plaisir en r\u00e9servant une Sandero diesel \u00e0 Agadir<\/h2>\n<p><strong>Robuste<\/strong>,\u00a0<strong>fiable<\/strong>,\u00a0<strong>confortable<\/strong>,\u00a0<strong>\u00e9conomique<\/strong>\u2026 Tant d\u2019adjectifs qualificatifs pour une voiture. Mais c\u2019est que la Dacia Sandero Diesel de location \u00e0 Agadir les m\u00e9rite amplement. Jouissez d\u2019un instant de d\u00e9tente au volant d\u2019une <u><strong><a href=\"https:\/\/www.autovitecar.com\" target=\"_self\" rel=\"noopener\">Dacia <\/a>Sandero diesel<\/strong><\/u> qui vous comprend\u2026 Si, si ! Cette voiture comprend que vous avez un budget serr\u00e9 et que vous pr\u00e9f\u00e9rez investir dans autre chose que du carburant \u00e0 longueur de temps. Cette dacia Sandero diesel deviendra bient\u00f4t votre meilleur alli\u00e9, notamment pour une d\u00e9couverte du Maroc. En effet, quoi de plus plaisant que de d\u00e9couvrir un beau pays en toute s\u00e9curit\u00e9 \u00e0 bord d\u2019une voiture economique confortable ? Faites votre r\u00e9servation sur Agadir aeroport de la Dacia Sandero diesel directement en ligne en quelques minutes et faites-vous livrer un v\u00e9hicule \u00e9conomique prix pas cher en location. D\u2019innombrables possibilit\u00e9s d\u2019escapades s\u2019offrent \u00e0 vous : <strong>Agadir<\/strong>,\u00a0<strong>Essaouira<\/strong>,\u00a0<strong>Marrakech, mirleft<\/strong>\u2026 Apprenez \u00e0 connaitre ce pays haut en couleur et il vous le rendra bien.<\/p>\n<h3>R\u00e9server une Dacia Sandero Diesel de location pour le bonheur de toute la famille<\/h3>\n<p>Besoin d\u2019une voiture familiale spacieuse pour toute votre petite tribu ? Optez pour une location de Dacia Sandero Diesel pas cher \u00e0 Agadir. Ce v\u00e9hicule a \u00e9t\u00e9 pens\u00e9 dans les moindres d\u00e9tails pour une utilisation simplifi\u00e9e et un confort de conduite optimal. Sa robustesse a \u00e9t\u00e9 \u00e9tudi\u00e9e de pr\u00e8s pour s\u2019adapter et r\u00e9sister aux variations climatiques. Savourez la nature g\u00e9n\u00e9reuse de cette auto aux dimensions d\u2019habitacle exceptionnelles. En effet, elle est dot\u00e9e de places spacieuses pour le plus grand bonheur de ses passagers. Mais ce n\u2019est certainement rien par rapport \u00e0 son coffre, dont le volume avoisine les 50 litres ! Que dire de plus ? Appuyer le fait que sa carrosserie soit particuli\u00e8rement \u00e9l\u00e9gante et que son int\u00e9rieur est tr\u00e8s bien con\u00e7u. R\u00e9servez d\u00e8s \u00e0 pr\u00e9sent. Vous pourrez ensuite modifier ou annuler cette r\u00e9servation au gr\u00e9 de vos envies. R\u00e9cup\u00e9rez ensuite la Dacia Sandero Diesel de location choisie l\u00e0 o\u00f9 cela vous arrange : Sur Agadir, Taghazout, Marrakech ou bien \u00e0 <em>Taghazout<\/em>.<\/p>\n","protected":false},"excerpt":{"rendered":"<p>Louer Dacia Sandero Diesel \u00e0 Agadir : fiabilit\u00e9 et \u00e9conomies en un clic Touriste \u00e0 la recherche d\u2019une voiture de location au Maroc ou r\u00e9sident souhaitant louer une auto de qualit\u00e9 pour un p\u00e9riple entre amis ou en famille, ceci est pour vous ! Optez pour la\u00a0location Dacia Sandero diesel \u00e0 Agadir aeropot propos\u00e9e par [&hellip;]<\/p>\n","protected":false},"featured_media":3487,"template":"","meta":[],"product_brand":[],"product_cat":[62,44,64],"product_tag":[],"class_list":{"0":"post-3486","1":"product","2":"type-product","3":"status-publish","4":"has-post-thumbnail","6":"product_cat-car","7":"product_cat-rental","8":"product_cat-voiture-economique","10":"first","11":"instock","12":"shipping-taxable","13":"purchasable","14":"product-type-ovacrs_car_rental"},"yoast_head":"<!-- This site is optimized with the Yoast SEO plugin v26.3 - https:\/\/yoast.com\/wordpress\/plugins\/seo\/ -->\n<title>Dacia Sandero - Auto Vite Car<\/title>\n<meta name=\"description\" content=\"Optez pour la\u00a0location Dacia Sandero diesel \u00e0 Agadir aeroport\u00a0propos\u00e9e par Auto Vite Car. Procurez-vous ce v\u00e9hicule aussi fiable qu\u2019\u00e9conomique.\" \/>\n<meta name=\"robots\" content=\"index, follow, max-snippet:-1, max-image-preview:large, max-video-preview:-1\" \/>\n<link rel=\"canonical\" href=\"https:\/\/autovitecar.com\/fr\/product\/dacia-sandero\/\" \/>\n<meta property=\"og:locale\" content=\"fr_FR\" \/>\n<meta property=\"og:type\" content=\"article\" \/>\n<meta property=\"og:title\" content=\"Dacia Sandero - Auto Vite Car\" \/>\n<meta property=\"og:description\" content=\"Optez pour la\u00a0location Dacia Sandero diesel \u00e0 Agadir aeroport\u00a0propos\u00e9e par Auto Vite Car. Procurez-vous ce v\u00e9hicule aussi fiable qu\u2019\u00e9conomique.\" \/>\n<meta property=\"og:url\" content=\"https:\/\/autovitecar.com\/fr\/product\/dacia-sandero\/\" \/>\n<meta property=\"og:site_name\" content=\"Auto Vite Car\" \/>\n<meta property=\"article:modified_time\" content=\"2025-04-12T23:46:57+00:00\" \/>\n<meta property=\"og:image\" content=\"https:\/\/autovitecar.com\/wp-content\/uploads\/2022\/12\/Dacia_Sandero_III_IMG_5761.jpeg\" \/>\n\t<meta property=\"og:image:width\" content=\"560\" \/>\n\t<meta property=\"og:image:height\" content=\"310\" \/>\n\t<meta property=\"og:image:type\" content=\"image\/jpeg\" \/>\n<meta name=\"twitter:card\" content=\"summary_large_image\" \/>\n<meta name=\"twitter:label1\" content=\"Dur\u00e9e de lecture estim\u00e9e\" \/>\n\t<meta name=\"twitter:data1\" content=\"3 minutes\" \/>\n<script type=\"application\/ld+json\" class=\"yoast-schema-graph\">{\"@context\":\"https:\/\/schema.org\",\"@graph\":[{\"@type\":\"WebPage\",\"@id\":\"https:\/\/autovitecar.com\/product\/dacia-sandero\/\",\"url\":\"https:\/\/autovitecar.com\/product\/dacia-sandero\/\",\"name\":\"Dacia Sandero - Auto Vite Car\",\"isPartOf\":{\"@id\":\"https:\/\/autovitecar.com\/#website\"},\"primaryImageOfPage\":{\"@id\":\"https:\/\/autovitecar.com\/product\/dacia-sandero\/#primaryimage\"},\"image\":{\"@id\":\"https:\/\/autovitecar.com\/product\/dacia-sandero\/#primaryimage\"},\"thumbnailUrl\":\"https:\/\/autovitecar.com\/wp-content\/uploads\/2022\/12\/Dacia_Sandero_III_IMG_5761.jpeg\",\"datePublished\":\"2022-12-08T13:16:28+00:00\",\"dateModified\":\"2025-04-12T23:46:57+00:00\",\"description\":\"Optez pour la\u00a0location Dacia Sandero diesel \u00e0 Agadir aeroport\u00a0propos\u00e9e par Auto Vite Car. Procurez-vous ce v\u00e9hicule aussi fiable qu\u2019\u00e9conomique.\",\"breadcrumb\":{\"@id\":\"https:\/\/autovitecar.com\/product\/dacia-sandero\/#breadcrumb\"},\"inLanguage\":\"fr-FR\",\"potentialAction\":[{\"@type\":\"ReadAction\",\"target\":[\"https:\/\/autovitecar.com\/product\/dacia-sandero\/\"]}]},{\"@type\":\"ImageObject\",\"inLanguage\":\"fr-FR\",\"@id\":\"https:\/\/autovitecar.com\/product\/dacia-sandero\/#primaryimage\",\"url\":\"https:\/\/autovitecar.com\/wp-content\/uploads\/2022\/12\/Dacia_Sandero_III_IMG_5761.jpeg\",\"contentUrl\":\"https:\/\/autovitecar.com\/wp-content\/uploads\/2022\/12\/Dacia_Sandero_III_IMG_5761.jpeg\",\"width\":560,\"height\":310},{\"@type\":\"BreadcrumbList\",\"@id\":\"https:\/\/autovitecar.com\/product\/dacia-sandero\/#breadcrumb\",\"itemListElement\":[{\"@type\":\"ListItem\",\"position\":1,\"name\":\"Home\",\"item\":\"https:\/\/autovitecar.com\/\"},{\"@type\":\"ListItem\",\"position\":2,\"name\":\"Shop\",\"item\":\"https:\/\/autovitecar.com\/shop-2\/\"},{\"@type\":\"ListItem\",\"position\":3,\"name\":\"Dacia Sandero\"}]},{\"@type\":\"WebSite\",\"@id\":\"https:\/\/autovitecar.com\/#website\",\"url\":\"https:\/\/autovitecar.com\/\",\"name\":\"Auto Vite Car\",\"description\":\"Agence de location voiture Agadir\",\"potentialAction\":[{\"@type\":\"SearchAction\",\"target\":{\"@type\":\"EntryPoint\",\"urlTemplate\":\"https:\/\/autovitecar.com\/?s={search_term_string}\"},\"query-input\":{\"@type\":\"PropertyValueSpecification\",\"valueRequired\":true,\"valueName\":\"search_term_string\"}}],\"inLanguage\":\"fr-FR\"}]}<\/script>\n<!-- \/ Yoast SEO plugin. -->","yoast_head_json":{"title":"Dacia Sandero - Auto Vite Car","description":"Optez pour la\u00a0location Dacia Sandero diesel \u00e0 Agadir aeroport\u00a0propos\u00e9e par Auto Vite Car. Procurez-vous ce v\u00e9hicule aussi fiable qu\u2019\u00e9conomique.","robots":{"index":"index","follow":"follow","max-snippet":"max-snippet:-1","max-image-preview":"max-image-preview:large","max-video-preview":"max-video-preview:-1"},"canonical":"https:\/\/autovitecar.com\/fr\/product\/dacia-sandero\/","og_locale":"fr_FR","og_type":"article","og_title":"Dacia Sandero - Auto Vite Car","og_description":"Optez pour la\u00a0location Dacia Sandero diesel \u00e0 Agadir aeroport\u00a0propos\u00e9e par Auto Vite Car. Procurez-vous ce v\u00e9hicule aussi fiable qu\u2019\u00e9conomique.","og_url":"https:\/\/autovitecar.com\/fr\/product\/dacia-sandero\/","og_site_name":"Auto Vite Car","article_modified_time":"2025-04-12T23:46:57+00:00","og_image":[{"width":560,"height":310,"url":"https:\/\/autovitecar.com\/wp-content\/uploads\/2022\/12\/Dacia_Sandero_III_IMG_5761.jpeg","type":"image\/jpeg"}],"twitter_card":"summary_large_image","twitter_misc":{"Dur\u00e9e de lecture estim\u00e9e":"3 minutes"},"schema":{"@context":"https:\/\/schema.org","@graph":[{"@type":"WebPage","@id":"https:\/\/autovitecar.com\/product\/dacia-sandero\/","url":"https:\/\/autovitecar.com\/product\/dacia-sandero\/","name":"Dacia Sandero - Auto Vite Car","isPartOf":{"@id":"https:\/\/autovitecar.com\/#website"},"primaryImageOfPage":{"@id":"https:\/\/autovitecar.com\/product\/dacia-sandero\/#primaryimage"},"image":{"@id":"https:\/\/autovitecar.com\/product\/dacia-sandero\/#primaryimage"},"thumbnailUrl":"https:\/\/autovitecar.com\/wp-content\/uploads\/2022\/12\/Dacia_Sandero_III_IMG_5761.jpeg","datePublished":"2022-12-08T13:16:28+00:00","dateModified":"2025-04-12T23:46:57+00:00","description":"Optez pour la\u00a0location Dacia Sandero diesel \u00e0 Agadir aeroport\u00a0propos\u00e9e par Auto Vite Car. Procurez-vous ce v\u00e9hicule aussi fiable qu\u2019\u00e9conomique.","breadcrumb":{"@id":"https:\/\/autovitecar.com\/product\/dacia-sandero\/#breadcrumb"},"inLanguage":"fr-FR","potentialAction":[{"@type":"ReadAction","target":["https:\/\/autovitecar.com\/product\/dacia-sandero\/"]}]},{"@type":"ImageObject","inLanguage":"fr-FR","@id":"https:\/\/autovitecar.com\/product\/dacia-sandero\/#primaryimage","url":"https:\/\/autovitecar.com\/wp-content\/uploads\/2022\/12\/Dacia_Sandero_III_IMG_5761.jpeg","contentUrl":"https:\/\/autovitecar.com\/wp-content\/uploads\/2022\/12\/Dacia_Sandero_III_IMG_5761.jpeg","width":560,"height":310},{"@type":"BreadcrumbList","@id":"https:\/\/autovitecar.com\/product\/dacia-sandero\/#breadcrumb","itemListElement":[{"@type":"ListItem","position":1,"name":"Home","item":"https:\/\/autovitecar.com\/"},{"@type":"ListItem","position":2,"name":"Shop","item":"https:\/\/autovitecar.com\/shop-2\/"},{"@type":"ListItem","position":3,"name":"Dacia Sandero"}]},{"@type":"WebSite","@id":"https:\/\/autovitecar.com\/#website","url":"https:\/\/autovitecar.com\/","name":"Auto Vite Car","description":"Agence de location voiture Agadir","potentialAction":[{"@type":"SearchAction","target":{"@type":"EntryPoint","urlTemplate":"https:\/\/autovitecar.com\/?s={search_term_string}"},"query-input":{"@type":"PropertyValueSpecification","valueRequired":true,"valueName":"search_term_string"}}],"inLanguage":"fr-FR"}]}},"jetpack_sharing_enabled":true,"_links":{"self":[{"href":"http:\/\/autovitecar.com\/fr\/wp-json\/wp\/v2\/product\/3486","targetHints":{"allow":["GET"]}}],"collection":[{"href":"http:\/\/autovitecar.com\/fr\/wp-json\/wp\/v2\/product"}],"about":[{"href":"http:\/\/autovitecar.com\/fr\/wp-json\/wp\/v2\/types\/product"}],"wp:featuredmedia":[{"embeddable":true,"href":"http:\/\/autovitecar.com\/fr\/wp-json\/wp\/v2\/media\/3487"}],"wp:attachment":[{"href":"http:\/\/autovitecar.com\/fr\/wp-json\/wp\/v2\/media?parent=3486"}],"wp:term":[{"taxonomy":"product_brand","embeddable":true,"href":"http:\/\/autovitecar.com\/fr\/wp-json\/wp\/v2\/product_brand?post=3486"},{"taxonomy":"product_cat","embeddable":true,"href":"http:\/\/autovitecar.com\/fr\/wp-json\/wp\/v2\/product_cat?post=3486"},{"taxonomy":"product_tag","embeddable":true,"href":"http:\/\/autovitecar.com\/fr\/wp-json\/wp\/v2\/product_tag?post=3486"}],"curies":[{"name":"wp","href":"https:\/\/api.w.org\/{rel}","templated":true}]}}