{"id":3462,"date":"2022-12-02T03:02:16","date_gmt":"2022-12-02T02:02:16","guid":{"rendered":"https:\/\/autovitecar.com\/?post_type=product&#038;p=3462"},"modified":"2025-04-13T00:56:23","modified_gmt":"2025-04-12T23:56:23","slug":"peugeot-208","status":"publish","type":"product","link":"http:\/\/autovitecar.com\/fr\/product\/peugeot-208\/","title":{"rendered":"PEUGEOT 208 Diesel"},"content":{"rendered":"<h1>Location PEUGEOT 208\u00a0partout au Maroc<\/h1>\n<p>Location de PEUGEOT 208 \u00e0 <a href=\"http:\/\/www.autovitecar.com\">Agadir<\/a>, Marrakech ou Casablanca a\u00e9roport ou centre ville. Disponible \u00e0 un tarif tr\u00e8s abordable, la PEUGEOT 208 est l\u2019une des meilleures voitures de location pour visiter les rues compactes de Maroc, beaucoup de plages spectaculaires d\u2019Agadir et les endroits touristiques de Marrakech. M\u00eame si elle semble plut\u00f4t petite de l\u2019ext\u00e9rieur, PEUGEOT 208 est spacieux \u00e0 l\u2019int\u00e9rieur, facilement accueillir quatre passager, il y a aussi un bouton qui engage le mode sport. Dans beaucoup de voitures, cela ne fait pratiquement rien, mais dans la PEUGEOT 208, il d\u00e9clenche une autre personnalit\u00e9. A la renverse d\u2019un interrupteur, c\u2019est comme si vous aviez \u00e9t\u00e9 transport\u00e9 dans une voiture de course forte et petite.<\/p>\n","protected":false},"excerpt":{"rendered":"<p>Location PEUGEOT 208\u00a0partout au Maroc Location de PEUGEOT 208 \u00e0 Agadir, Marrakech ou Casablanca a\u00e9roport ou centre ville. Disponible \u00e0 un tarif tr\u00e8s abordable, la PEUGEOT 208 est l\u2019une des meilleures voitures de location pour visiter les rues compactes de Maroc, beaucoup de plages spectaculaires d\u2019Agadir et les endroits touristiques de Marrakech. M\u00eame si elle [&hellip;]<\/p>\n","protected":false},"featured_media":3508,"template":"","meta":[],"product_brand":[],"product_cat":[62,44,64],"product_tag":[],"class_list":{"0":"post-3462","1":"product","2":"type-product","3":"status-publish","4":"has-post-thumbnail","6":"product_cat-car","7":"product_cat-rental","8":"product_cat-voiture-economique","10":"first","11":"instock","12":"shipping-taxable","13":"purchasable","14":"product-type-ovacrs_car_rental"},"yoast_head":"<!-- This site is optimized with the Yoast SEO plugin v26.3 - https:\/\/yoast.com\/wordpress\/plugins\/seo\/ -->\n<title>PEUGEOT 208 Diesel - Auto Vite Car<\/title>\n<meta name=\"description\" content=\"Location de Fiat 500 \u00e0 Agadir, Marrakech ou Casablanca a\u00e9roport ou centre ville.Disponible \u00e0 un tarif tr\u00e8s abordable, la Fiat 500 est l\u2019une des meilleures..\" \/>\n<meta name=\"robots\" content=\"index, follow, max-snippet:-1, max-image-preview:large, max-video-preview:-1\" \/>\n<link rel=\"canonical\" href=\"https:\/\/autovitecar.com\/fr\/product\/peugeot-208\/\" \/>\n<meta property=\"og:locale\" content=\"fr_FR\" \/>\n<meta property=\"og:type\" content=\"article\" \/>\n<meta property=\"og:title\" content=\"PEUGEOT 208 Diesel - Auto Vite Car\" \/>\n<meta property=\"og:description\" content=\"Location de Fiat 500 \u00e0 Agadir, Marrakech ou Casablanca a\u00e9roport ou centre ville.Disponible \u00e0 un tarif tr\u00e8s abordable, la Fiat 500 est l\u2019une des meilleures..\" \/>\n<meta property=\"og:url\" content=\"https:\/\/autovitecar.com\/fr\/product\/peugeot-208\/\" \/>\n<meta property=\"og:site_name\" content=\"Auto Vite Car\" \/>\n<meta property=\"article:modified_time\" content=\"2025-04-12T23:56:23+00:00\" \/>\n<meta property=\"og:image\" content=\"https:\/\/autovitecar.com\/wp-content\/uploads\/2022\/12\/PEUGEOT-208-Autovitecar.png\" \/>\n\t<meta property=\"og:image:width\" content=\"1076\" \/>\n\t<meta property=\"og:image:height\" content=\"694\" \/>\n\t<meta property=\"og:image:type\" content=\"image\/png\" \/>\n<meta name=\"twitter:card\" content=\"summary_large_image\" \/>\n<meta name=\"twitter:label1\" content=\"Dur\u00e9e de lecture estim\u00e9e\" \/>\n\t<meta name=\"twitter:data1\" content=\"1 minute\" \/>\n<script type=\"application\/ld+json\" class=\"yoast-schema-graph\">{\"@context\":\"https:\/\/schema.org\",\"@graph\":[{\"@type\":\"WebPage\",\"@id\":\"https:\/\/autovitecar.com\/product\/peugeot-208\/\",\"url\":\"https:\/\/autovitecar.com\/product\/peugeot-208\/\",\"name\":\"PEUGEOT 208 Diesel - Auto Vite Car\",\"isPartOf\":{\"@id\":\"https:\/\/autovitecar.com\/#website\"},\"primaryImageOfPage\":{\"@id\":\"https:\/\/autovitecar.com\/product\/peugeot-208\/#primaryimage\"},\"image\":{\"@id\":\"https:\/\/autovitecar.com\/product\/peugeot-208\/#primaryimage\"},\"thumbnailUrl\":\"https:\/\/autovitecar.com\/wp-content\/uploads\/2022\/12\/PEUGEOT-208-Autovitecar.png\",\"datePublished\":\"2022-12-02T02:02:16+00:00\",\"dateModified\":\"2025-04-12T23:56:23+00:00\",\"description\":\"Location de Fiat 500 \u00e0 Agadir, Marrakech ou Casablanca a\u00e9roport ou centre ville.Disponible \u00e0 un tarif tr\u00e8s abordable, la Fiat 500 est l\u2019une des meilleures..\",\"breadcrumb\":{\"@id\":\"https:\/\/autovitecar.com\/product\/peugeot-208\/#breadcrumb\"},\"inLanguage\":\"fr-FR\",\"potentialAction\":[{\"@type\":\"ReadAction\",\"target\":[\"https:\/\/autovitecar.com\/product\/peugeot-208\/\"]}]},{\"@type\":\"ImageObject\",\"inLanguage\":\"fr-FR\",\"@id\":\"https:\/\/autovitecar.com\/product\/peugeot-208\/#primaryimage\",\"url\":\"https:\/\/autovitecar.com\/wp-content\/uploads\/2022\/12\/PEUGEOT-208-Autovitecar.png\",\"contentUrl\":\"https:\/\/autovitecar.com\/wp-content\/uploads\/2022\/12\/PEUGEOT-208-Autovitecar.png\",\"width\":1076,\"height\":694},{\"@type\":\"BreadcrumbList\",\"@id\":\"https:\/\/autovitecar.com\/product\/peugeot-208\/#breadcrumb\",\"itemListElement\":[{\"@type\":\"ListItem\",\"position\":1,\"name\":\"Home\",\"item\":\"https:\/\/autovitecar.com\/\"},{\"@type\":\"ListItem\",\"position\":2,\"name\":\"Shop\",\"item\":\"https:\/\/autovitecar.com\/shop-2\/\"},{\"@type\":\"ListItem\",\"position\":3,\"name\":\"PEUGEOT 208 Diesel\"}]},{\"@type\":\"WebSite\",\"@id\":\"https:\/\/autovitecar.com\/#website\",\"url\":\"https:\/\/autovitecar.com\/\",\"name\":\"Auto Vite Car\",\"description\":\"Agence de location voiture Agadir\",\"potentialAction\":[{\"@type\":\"SearchAction\",\"target\":{\"@type\":\"EntryPoint\",\"urlTemplate\":\"https:\/\/autovitecar.com\/?s={search_term_string}\"},\"query-input\":{\"@type\":\"PropertyValueSpecification\",\"valueRequired\":true,\"valueName\":\"search_term_string\"}}],\"inLanguage\":\"fr-FR\"}]}<\/script>\n<!-- \/ Yoast SEO plugin. -->","yoast_head_json":{"title":"PEUGEOT 208 Diesel - Auto Vite Car","description":"Location de Fiat 500 \u00e0 Agadir, Marrakech ou Casablanca a\u00e9roport ou centre ville.Disponible \u00e0 un tarif tr\u00e8s abordable, la Fiat 500 est l\u2019une des meilleures..","robots":{"index":"index","follow":"follow","max-snippet":"max-snippet:-1","max-image-preview":"max-image-preview:large","max-video-preview":"max-video-preview:-1"},"canonical":"https:\/\/autovitecar.com\/fr\/product\/peugeot-208\/","og_locale":"fr_FR","og_type":"article","og_title":"PEUGEOT 208 Diesel - Auto Vite Car","og_description":"Location de Fiat 500 \u00e0 Agadir, Marrakech ou Casablanca a\u00e9roport ou centre ville.Disponible \u00e0 un tarif tr\u00e8s abordable, la Fiat 500 est l\u2019une des meilleures..","og_url":"https:\/\/autovitecar.com\/fr\/product\/peugeot-208\/","og_site_name":"Auto Vite Car","article_modified_time":"2025-04-12T23:56:23+00:00","og_image":[{"width":1076,"height":694,"url":"https:\/\/autovitecar.com\/wp-content\/uploads\/2022\/12\/PEUGEOT-208-Autovitecar.png","type":"image\/png"}],"twitter_card":"summary_large_image","twitter_misc":{"Dur\u00e9e de lecture estim\u00e9e":"1 minute"},"schema":{"@context":"https:\/\/schema.org","@graph":[{"@type":"WebPage","@id":"https:\/\/autovitecar.com\/product\/peugeot-208\/","url":"https:\/\/autovitecar.com\/product\/peugeot-208\/","name":"PEUGEOT 208 Diesel - Auto Vite Car","isPartOf":{"@id":"https:\/\/autovitecar.com\/#website"},"primaryImageOfPage":{"@id":"https:\/\/autovitecar.com\/product\/peugeot-208\/#primaryimage"},"image":{"@id":"https:\/\/autovitecar.com\/product\/peugeot-208\/#primaryimage"},"thumbnailUrl":"https:\/\/autovitecar.com\/wp-content\/uploads\/2022\/12\/PEUGEOT-208-Autovitecar.png","datePublished":"2022-12-02T02:02:16+00:00","dateModified":"2025-04-12T23:56:23+00:00","description":"Location de Fiat 500 \u00e0 Agadir, Marrakech ou Casablanca a\u00e9roport ou centre ville.Disponible \u00e0 un tarif tr\u00e8s abordable, la Fiat 500 est l\u2019une des meilleures..","breadcrumb":{"@id":"https:\/\/autovitecar.com\/product\/peugeot-208\/#breadcrumb"},"inLanguage":"fr-FR","potentialAction":[{"@type":"ReadAction","target":["https:\/\/autovitecar.com\/product\/peugeot-208\/"]}]},{"@type":"ImageObject","inLanguage":"fr-FR","@id":"https:\/\/autovitecar.com\/product\/peugeot-208\/#primaryimage","url":"https:\/\/autovitecar.com\/wp-content\/uploads\/2022\/12\/PEUGEOT-208-Autovitecar.png","contentUrl":"https:\/\/autovitecar.com\/wp-content\/uploads\/2022\/12\/PEUGEOT-208-Autovitecar.png","width":1076,"height":694},{"@type":"BreadcrumbList","@id":"https:\/\/autovitecar.com\/product\/peugeot-208\/#breadcrumb","itemListElement":[{"@type":"ListItem","position":1,"name":"Home","item":"https:\/\/autovitecar.com\/"},{"@type":"ListItem","position":2,"name":"Shop","item":"https:\/\/autovitecar.com\/shop-2\/"},{"@type":"ListItem","position":3,"name":"PEUGEOT 208 Diesel"}]},{"@type":"WebSite","@id":"https:\/\/autovitecar.com\/#website","url":"https:\/\/autovitecar.com\/","name":"Auto Vite Car","description":"Agence de location voiture Agadir","potentialAction":[{"@type":"SearchAction","target":{"@type":"EntryPoint","urlTemplate":"https:\/\/autovitecar.com\/?s={search_term_string}"},"query-input":{"@type":"PropertyValueSpecification","valueRequired":true,"valueName":"search_term_string"}}],"inLanguage":"fr-FR"}]}},"jetpack_sharing_enabled":true,"_links":{"self":[{"href":"http:\/\/autovitecar.com\/fr\/wp-json\/wp\/v2\/product\/3462","targetHints":{"allow":["GET"]}}],"collection":[{"href":"http:\/\/autovitecar.com\/fr\/wp-json\/wp\/v2\/product"}],"about":[{"href":"http:\/\/autovitecar.com\/fr\/wp-json\/wp\/v2\/types\/product"}],"wp:featuredmedia":[{"embeddable":true,"href":"http:\/\/autovitecar.com\/fr\/wp-json\/wp\/v2\/media\/3508"}],"wp:attachment":[{"href":"http:\/\/autovitecar.com\/fr\/wp-json\/wp\/v2\/media?parent=3462"}],"wp:term":[{"taxonomy":"product_brand","embeddable":true,"href":"http:\/\/autovitecar.com\/fr\/wp-json\/wp\/v2\/product_brand?post=3462"},{"taxonomy":"product_cat","embeddable":true,"href":"http:\/\/autovitecar.com\/fr\/wp-json\/wp\/v2\/product_cat?post=3462"},{"taxonomy":"product_tag","embeddable":true,"href":"http:\/\/autovitecar.com\/fr\/wp-json\/wp\/v2\/product_tag?post=3462"}],"curies":[{"name":"wp","href":"https:\/\/api.w.org\/{rel}","templated":true}]}}