{"id":1673,"date":"2018-08-03T03:29:46","date_gmt":"2018-08-03T03:29:46","guid":{"rendered":"https:\/\/demo.ovatheme.com\/ireca\/?post_type=product&#038;p=1673"},"modified":"2025-04-09T21:17:23","modified_gmt":"2025-04-09T20:17:23","slug":"t-roc-2024","status":"publish","type":"product","link":"http:\/\/autovitecar.com\/fr\/product\/t-roc-2024\/","title":{"rendered":"T- ROC 2024"},"content":{"rendered":"<h1>Location T- ROC 2024 Maroc<\/h1>\n<p>\u00c9conomisez jusqu\u2019\u00e0 30% sur une location de 7 jours et plus. Meilleure tarifs garanties ! Ne laissez pas passer cette offre, louez une T- ROC 2024 aujourd\u2019hui! Auto vite Car est diff\u00e9rent, nous nous concentrons sur la bonne service \u00e0 la client\u00e8le, les voitures de qualit\u00e9 et toujours le meilleur tarifs. Disponible maintenant dans tous nos endroits \u00e0 Marrakech, Agadir, Casablanca et Rabat.<\/p>\n<h3>Location T- ROC 2024 \u00e0 Marrakech<\/h3>\n<p>L\u2019agence Auto vite Car a le plus r\u00e9cent 4\u00d74 T- ROC 2024 disponible \u00e0 la location au Maroc. Louez un T- ROC 2024 \u00e0 un prix sp\u00e9cial. Tarifs de location sp\u00e9ciaux quotidiens et hebdomadaires sur T- ROC 2024. Nous ramassons et livrons T- ROC 2024 ou vous voulez \u00e0 Marrakech soit \u00e0 L\u2019agence, A\u00e9roport ou n\u2019importe ou \u00e0 Marrakech comme H\u00f4tels, Riads..<\/p>\n<h3>Location T- ROC 2024 \u00e0 Casablanca, Rabat<\/h3>\n<p>Auto Vite Car peux livrer la 4X4 \u00e0 L\u2019a\u00e9roport de Casablanca ou centre ville, h\u00f4tels et aussi sur Rabat ville et A\u00e9roport avec des tarifs moins cher, plus option de location T- ROC 2024 Longue dur\u00e9e pour des tarifs exceptionnel.<\/p>\n","protected":false},"excerpt":{"rendered":"<p>Lorem Ipsum is simply dummy text of the printing and typesetting industry. Lorem Ipsum has been the industry&rsquo;s standard dummy text ever since the 1500<\/p>\n","protected":false},"featured_media":3523,"template":"","meta":[],"product_brand":[],"product_cat":[62,71],"product_tag":[37],"class_list":{"0":"post-1673","1":"product","2":"type-product","3":"status-publish","4":"has-post-thumbnail","6":"type-suv","7":"manufacturer-bmw","8":"steering-right","9":"gearbox-automatic","10":"auto_park-another-autoparks","11":"product_cat-car","12":"product_cat-voiture-4x4","13":"product_tag-mercedes-benz-2018","15":"first","16":"instock","17":"shipping-taxable","18":"purchasable","19":"product-type-ovacrs_car_rental"},"yoast_head":"<!-- This site is optimized with the Yoast SEO plugin v26.3 - https:\/\/yoast.com\/wordpress\/plugins\/seo\/ -->\n<title>T- ROC 2024 - Auto Vite Car<\/title>\n<meta name=\"description\" content=\"L\u2019agence Auto vite Car a le plus r\u00e9cent 4\u00d74 T- ROC 2024 disponible \u00e0 la location au Maroc. Louez un VW T-ROC 2024 \u00e0 un prix sp\u00e9cial.\" \/>\n<meta name=\"robots\" content=\"index, follow, max-snippet:-1, max-image-preview:large, max-video-preview:-1\" \/>\n<link rel=\"canonical\" href=\"https:\/\/autovitecar.com\/fr\/product\/t-roc-2024\/\" \/>\n<meta property=\"og:locale\" content=\"fr_FR\" \/>\n<meta property=\"og:type\" content=\"article\" \/>\n<meta property=\"og:title\" content=\"T- ROC 2024 - Auto Vite Car\" \/>\n<meta property=\"og:description\" content=\"L\u2019agence Auto vite Car a le plus r\u00e9cent 4\u00d74 T- ROC 2024 disponible \u00e0 la location au Maroc. Louez un VW T-ROC 2024 \u00e0 un prix sp\u00e9cial.\" \/>\n<meta property=\"og:url\" content=\"https:\/\/autovitecar.com\/fr\/product\/t-roc-2024\/\" \/>\n<meta property=\"og:site_name\" content=\"Auto Vite Car\" \/>\n<meta property=\"article:modified_time\" content=\"2025-04-09T20:17:23+00:00\" \/>\n<meta property=\"og:image\" content=\"https:\/\/autovitecar.com\/wp-content\/uploads\/2018\/08\/Screen-Shot-2025-04-09-at-21.15.57.png\" \/>\n\t<meta property=\"og:image:width\" content=\"876\" \/>\n\t<meta property=\"og:image:height\" content=\"670\" \/>\n\t<meta property=\"og:image:type\" content=\"image\/png\" \/>\n<meta name=\"twitter:card\" content=\"summary_large_image\" \/>\n<meta name=\"twitter:label1\" content=\"Dur\u00e9e de lecture estim\u00e9e\" \/>\n\t<meta name=\"twitter:data1\" content=\"1 minute\" \/>\n<script type=\"application\/ld+json\" class=\"yoast-schema-graph\">{\"@context\":\"https:\/\/schema.org\",\"@graph\":[{\"@type\":\"WebPage\",\"@id\":\"https:\/\/autovitecar.com\/product\/t-roc-2024\/\",\"url\":\"https:\/\/autovitecar.com\/product\/t-roc-2024\/\",\"name\":\"T- ROC 2024 - Auto Vite Car\",\"isPartOf\":{\"@id\":\"https:\/\/autovitecar.com\/#website\"},\"primaryImageOfPage\":{\"@id\":\"https:\/\/autovitecar.com\/product\/t-roc-2024\/#primaryimage\"},\"image\":{\"@id\":\"https:\/\/autovitecar.com\/product\/t-roc-2024\/#primaryimage\"},\"thumbnailUrl\":\"https:\/\/autovitecar.com\/wp-content\/uploads\/2018\/08\/Screen-Shot-2025-04-09-at-21.15.57.png\",\"datePublished\":\"2018-08-03T03:29:46+00:00\",\"dateModified\":\"2025-04-09T20:17:23+00:00\",\"description\":\"L\u2019agence Auto vite Car a le plus r\u00e9cent 4\u00d74 T- ROC 2024 disponible \u00e0 la location au Maroc. Louez un VW T-ROC 2024 \u00e0 un prix sp\u00e9cial.\",\"breadcrumb\":{\"@id\":\"https:\/\/autovitecar.com\/product\/t-roc-2024\/#breadcrumb\"},\"inLanguage\":\"fr-FR\",\"potentialAction\":[{\"@type\":\"ReadAction\",\"target\":[\"https:\/\/autovitecar.com\/product\/t-roc-2024\/\"]}]},{\"@type\":\"ImageObject\",\"inLanguage\":\"fr-FR\",\"@id\":\"https:\/\/autovitecar.com\/product\/t-roc-2024\/#primaryimage\",\"url\":\"https:\/\/autovitecar.com\/wp-content\/uploads\/2018\/08\/Screen-Shot-2025-04-09-at-21.15.57.png\",\"contentUrl\":\"https:\/\/autovitecar.com\/wp-content\/uploads\/2018\/08\/Screen-Shot-2025-04-09-at-21.15.57.png\",\"width\":876,\"height\":670},{\"@type\":\"BreadcrumbList\",\"@id\":\"https:\/\/autovitecar.com\/product\/t-roc-2024\/#breadcrumb\",\"itemListElement\":[{\"@type\":\"ListItem\",\"position\":1,\"name\":\"Home\",\"item\":\"https:\/\/autovitecar.com\/\"},{\"@type\":\"ListItem\",\"position\":2,\"name\":\"Shop\",\"item\":\"https:\/\/autovitecar.com\/shop-2\/\"},{\"@type\":\"ListItem\",\"position\":3,\"name\":\"T- ROC 2024\"}]},{\"@type\":\"WebSite\",\"@id\":\"https:\/\/autovitecar.com\/#website\",\"url\":\"https:\/\/autovitecar.com\/\",\"name\":\"Auto Vite Car\",\"description\":\"Agence de location voiture Agadir\",\"potentialAction\":[{\"@type\":\"SearchAction\",\"target\":{\"@type\":\"EntryPoint\",\"urlTemplate\":\"https:\/\/autovitecar.com\/?s={search_term_string}\"},\"query-input\":{\"@type\":\"PropertyValueSpecification\",\"valueRequired\":true,\"valueName\":\"search_term_string\"}}],\"inLanguage\":\"fr-FR\"}]}<\/script>\n<!-- \/ Yoast SEO plugin. -->","yoast_head_json":{"title":"T- ROC 2024 - Auto Vite Car","description":"L\u2019agence Auto vite Car a le plus r\u00e9cent 4\u00d74 T- ROC 2024 disponible \u00e0 la location au Maroc. Louez un VW T-ROC 2024 \u00e0 un prix sp\u00e9cial.","robots":{"index":"index","follow":"follow","max-snippet":"max-snippet:-1","max-image-preview":"max-image-preview:large","max-video-preview":"max-video-preview:-1"},"canonical":"https:\/\/autovitecar.com\/fr\/product\/t-roc-2024\/","og_locale":"fr_FR","og_type":"article","og_title":"T- ROC 2024 - Auto Vite Car","og_description":"L\u2019agence Auto vite Car a le plus r\u00e9cent 4\u00d74 T- ROC 2024 disponible \u00e0 la location au Maroc. Louez un VW T-ROC 2024 \u00e0 un prix sp\u00e9cial.","og_url":"https:\/\/autovitecar.com\/fr\/product\/t-roc-2024\/","og_site_name":"Auto Vite Car","article_modified_time":"2025-04-09T20:17:23+00:00","og_image":[{"width":876,"height":670,"url":"https:\/\/autovitecar.com\/wp-content\/uploads\/2018\/08\/Screen-Shot-2025-04-09-at-21.15.57.png","type":"image\/png"}],"twitter_card":"summary_large_image","twitter_misc":{"Dur\u00e9e de lecture estim\u00e9e":"1 minute"},"schema":{"@context":"https:\/\/schema.org","@graph":[{"@type":"WebPage","@id":"https:\/\/autovitecar.com\/product\/t-roc-2024\/","url":"https:\/\/autovitecar.com\/product\/t-roc-2024\/","name":"T- ROC 2024 - Auto Vite Car","isPartOf":{"@id":"https:\/\/autovitecar.com\/#website"},"primaryImageOfPage":{"@id":"https:\/\/autovitecar.com\/product\/t-roc-2024\/#primaryimage"},"image":{"@id":"https:\/\/autovitecar.com\/product\/t-roc-2024\/#primaryimage"},"thumbnailUrl":"https:\/\/autovitecar.com\/wp-content\/uploads\/2018\/08\/Screen-Shot-2025-04-09-at-21.15.57.png","datePublished":"2018-08-03T03:29:46+00:00","dateModified":"2025-04-09T20:17:23+00:00","description":"L\u2019agence Auto vite Car a le plus r\u00e9cent 4\u00d74 T- ROC 2024 disponible \u00e0 la location au Maroc. Louez un VW T-ROC 2024 \u00e0 un prix sp\u00e9cial.","breadcrumb":{"@id":"https:\/\/autovitecar.com\/product\/t-roc-2024\/#breadcrumb"},"inLanguage":"fr-FR","potentialAction":[{"@type":"ReadAction","target":["https:\/\/autovitecar.com\/product\/t-roc-2024\/"]}]},{"@type":"ImageObject","inLanguage":"fr-FR","@id":"https:\/\/autovitecar.com\/product\/t-roc-2024\/#primaryimage","url":"https:\/\/autovitecar.com\/wp-content\/uploads\/2018\/08\/Screen-Shot-2025-04-09-at-21.15.57.png","contentUrl":"https:\/\/autovitecar.com\/wp-content\/uploads\/2018\/08\/Screen-Shot-2025-04-09-at-21.15.57.png","width":876,"height":670},{"@type":"BreadcrumbList","@id":"https:\/\/autovitecar.com\/product\/t-roc-2024\/#breadcrumb","itemListElement":[{"@type":"ListItem","position":1,"name":"Home","item":"https:\/\/autovitecar.com\/"},{"@type":"ListItem","position":2,"name":"Shop","item":"https:\/\/autovitecar.com\/shop-2\/"},{"@type":"ListItem","position":3,"name":"T- ROC 2024"}]},{"@type":"WebSite","@id":"https:\/\/autovitecar.com\/#website","url":"https:\/\/autovitecar.com\/","name":"Auto Vite Car","description":"Agence de location voiture Agadir","potentialAction":[{"@type":"SearchAction","target":{"@type":"EntryPoint","urlTemplate":"https:\/\/autovitecar.com\/?s={search_term_string}"},"query-input":{"@type":"PropertyValueSpecification","valueRequired":true,"valueName":"search_term_string"}}],"inLanguage":"fr-FR"}]}},"jetpack_sharing_enabled":true,"_links":{"self":[{"href":"http:\/\/autovitecar.com\/fr\/wp-json\/wp\/v2\/product\/1673","targetHints":{"allow":["GET"]}}],"collection":[{"href":"http:\/\/autovitecar.com\/fr\/wp-json\/wp\/v2\/product"}],"about":[{"href":"http:\/\/autovitecar.com\/fr\/wp-json\/wp\/v2\/types\/product"}],"wp:featuredmedia":[{"embeddable":true,"href":"http:\/\/autovitecar.com\/fr\/wp-json\/wp\/v2\/media\/3523"}],"wp:attachment":[{"href":"http:\/\/autovitecar.com\/fr\/wp-json\/wp\/v2\/media?parent=1673"}],"wp:term":[{"taxonomy":"product_brand","embeddable":true,"href":"http:\/\/autovitecar.com\/fr\/wp-json\/wp\/v2\/product_brand?post=1673"},{"taxonomy":"product_cat","embeddable":true,"href":"http:\/\/autovitecar.com\/fr\/wp-json\/wp\/v2\/product_cat?post=1673"},{"taxonomy":"product_tag","embeddable":true,"href":"http:\/\/autovitecar.com\/fr\/wp-json\/wp\/v2\/product_tag?post=1673"}],"curies":[{"name":"wp","href":"https:\/\/api.w.org\/{rel}","templated":true}]}}