{"id":1614,"date":"2018-08-02T09:04:34","date_gmt":"2018-08-02T09:04:34","guid":{"rendered":"https:\/\/demo.ovatheme.com\/ireca\/?post_type=product&#038;p=1614"},"modified":"2025-04-09T21:21:59","modified_gmt":"2025-04-09T20:21:59","slug":"renault-express-2024","status":"publish","type":"product","link":"http:\/\/autovitecar.com\/fr\/product\/renault-express-2024\/","title":{"rendered":"Renault Express 2024"},"content":{"rendered":"<h2>Renault Express 2024 : Vehicule utilitaire de location a Agadir combinant \u00e9l\u00e9gance et praticit\u00e9<\/h2>\n<p>Entreprise au Maroc ou particulier, vous avez besoin d\u2019une location voiture utilitaire Agadir telquel un Renault Express 2024 ? Sachez que vous \u00eates au bon endroit ! Auto Vite Car vous propose tout un panel de v\u00e9hicules performants aux extraordinaires capacit\u00e9s de stockage pour la bonne r\u00e9alisation de tous vos projets. Optez pour une location Renault Express 2024 \u00e0 Agadir pas ch\u00e8re et profitez de ce que cette agence soit la meilleure dans son domaine pour obtenir des services in\u00e9galables.<\/p>\n<h2>Location Renault Express 2024 : tous vos projets prennent vie<\/h2>\n<p>Pour vos besoins en transport de marchandises, la Renault Express 2024 de location est capable de contenir jusqu&rsquo;\u00e0 3 m\u00e8tres cubes de charges. Que vous soyez un professionnel ou un particulier au Maroc, vous serez pris en charge par l\u2019\u00e9quipe professionnelle d&rsquo; Auto Vite Car. Cette derni\u00e8re vous fournira un service efficace tout en vous entourant d\u2019une chaleureuse ambiance. Vous d\u00e9m\u00e9nagez ? Transportez ais\u00e9ment vos cartons. Vous am\u00e9nagez un studio ou un cabinet \u00e0 Agadir ou ailleurs ? Aucun probl\u00e8me, la <a href=\"http:\/\/www.autovitecar.com\"><strong>Renault Express 2024<\/strong><\/a> a \u00e9t\u00e9 con\u00e7ue pour s\u2019adapter \u00e0 ce type de situations. Vous venez d\u2019acqu\u00e9rir un nouveau r\u00e9frig\u00e9rateur ? Le transporter jusqu\u2019\u00e0 votre domicile sera un jeu d\u2019enfant. Vous envisagez de ramener un vieux meuble \u00e0 la d\u00e9chetterie ? Profitez de votre Renault Express 2024 de location en kilom\u00e9trage illimit\u00e9 ! Les options sont tellement nombreuses et les raisons d\u2019opter pour ce v\u00e9hicule utilitaire Agadir le sont \u00e9galement. Simplifiez-vous la vie rien qu\u2019en faisant le bon choix.<\/p>\n<h2>Location Renault Express 2024: une voiture hors du commun<\/h2>\n<p>Vous recherchez un v\u00e9hicule utilitaire \u00e0 Agadir qui simplifiera votre vie ? Optez pour une location Renault Express 2024 de chez Auto Vite Car. Vous serez sans nul doute s\u00e9duit, tant par son design exclusif que par ses nombreux atouts non n\u00e9gligeables. Cette auto pratique et confortable convient parfaitement \u00e0 une famille nombreuse qui souhaite s\u00e9journer au Maroc et visiter Agadir ainsi que les environs. Cette voiture de location Renault Express 2024\u00a0combi-space polyvalente dispose de 5 places confortables pour les passagers et d\u2019un espace de chargement suffisant dans le coffre pour transporter toutes les valises de votre petite tribu. Rien ne vous emp\u00eache \u00e9galement de transporter des planches de surf, des \u00e9quipements sportifs ou des paquets souvenirs. En option, elle est \u00e9galement \u00e9quip\u00e9e d\u2019une galerie de toit, augmentant encore plus sa capacit\u00e9 de chargement.<\/p>\n","protected":false},"excerpt":{"rendered":"<p>Lorem Ipsum is simply dummy text of the printing and typesetting industry. Lorem Ipsum has been the industry&rsquo;s standard dummy text ever since the 1500<\/p>\n","protected":false},"featured_media":3521,"template":"","meta":[],"product_brand":[],"product_cat":[62,67],"product_tag":[37],"class_list":{"0":"post-1614","1":"product","2":"type-product","3":"status-publish","4":"has-post-thumbnail","6":"type-sedan","7":"manufacturer-lexus","8":"steering-left","9":"gearbox-automatic","10":"auto_park-another-autoparks","11":"product_cat-car","12":"product_cat-vehicule-utilitaire","13":"product_tag-mercedes-benz-2018","15":"first","16":"instock","17":"shipping-taxable","18":"purchasable","19":"product-type-ovacrs_car_rental"},"yoast_head":"<!-- This site is optimized with the Yoast SEO plugin v26.3 - https:\/\/yoast.com\/wordpress\/plugins\/seo\/ -->\n<title>Renault Express 2024 - Auto Vite Car<\/title>\n<meta name=\"description\" content=\"Renault Express 2024 de location est capable de contenir jusqu&#039;\u00e0 3 m\u00e8tres cubes de charges. Que vous soyez un professionnel ou un particulier au Maroc,\" \/>\n<meta name=\"robots\" content=\"index, follow, max-snippet:-1, max-image-preview:large, max-video-preview:-1\" \/>\n<link rel=\"canonical\" href=\"https:\/\/autovitecar.com\/fr\/product\/renault-express-2024\/\" \/>\n<meta property=\"og:locale\" content=\"fr_FR\" \/>\n<meta property=\"og:type\" content=\"article\" \/>\n<meta property=\"og:title\" content=\"Renault Express 2024 - Auto Vite Car\" \/>\n<meta property=\"og:description\" content=\"Renault Express 2024 de location est capable de contenir jusqu&#039;\u00e0 3 m\u00e8tres cubes de charges. Que vous soyez un professionnel ou un particulier au Maroc,\" \/>\n<meta property=\"og:url\" content=\"https:\/\/autovitecar.com\/fr\/product\/renault-express-2024\/\" \/>\n<meta property=\"og:site_name\" content=\"Auto Vite Car\" \/>\n<meta property=\"article:modified_time\" content=\"2025-04-09T20:21:59+00:00\" \/>\n<meta property=\"og:image\" content=\"https:\/\/autovitecar.com\/wp-content\/uploads\/2018\/08\/Screen-Shot-2025-04-09-at-21.03.21-1.png\" \/>\n\t<meta property=\"og:image:width\" content=\"1278\" \/>\n\t<meta property=\"og:image:height\" content=\"1062\" \/>\n\t<meta property=\"og:image:type\" content=\"image\/png\" \/>\n<meta name=\"twitter:card\" content=\"summary_large_image\" \/>\n<meta name=\"twitter:label1\" content=\"Dur\u00e9e de lecture estim\u00e9e\" \/>\n\t<meta name=\"twitter:data1\" content=\"2 minutes\" \/>\n<script type=\"application\/ld+json\" class=\"yoast-schema-graph\">{\"@context\":\"https:\/\/schema.org\",\"@graph\":[{\"@type\":\"WebPage\",\"@id\":\"https:\/\/autovitecar.com\/product\/renault-express-2024\/\",\"url\":\"https:\/\/autovitecar.com\/product\/renault-express-2024\/\",\"name\":\"Renault Express 2024 - Auto Vite Car\",\"isPartOf\":{\"@id\":\"https:\/\/autovitecar.com\/#website\"},\"primaryImageOfPage\":{\"@id\":\"https:\/\/autovitecar.com\/product\/renault-express-2024\/#primaryimage\"},\"image\":{\"@id\":\"https:\/\/autovitecar.com\/product\/renault-express-2024\/#primaryimage\"},\"thumbnailUrl\":\"https:\/\/autovitecar.com\/wp-content\/uploads\/2018\/08\/Screen-Shot-2025-04-09-at-21.03.21-1.png\",\"datePublished\":\"2018-08-02T09:04:34+00:00\",\"dateModified\":\"2025-04-09T20:21:59+00:00\",\"description\":\"Renault Express 2024 de location est capable de contenir jusqu'\u00e0 3 m\u00e8tres cubes de charges. Que vous soyez un professionnel ou un particulier au Maroc,\",\"breadcrumb\":{\"@id\":\"https:\/\/autovitecar.com\/product\/renault-express-2024\/#breadcrumb\"},\"inLanguage\":\"fr-FR\",\"potentialAction\":[{\"@type\":\"ReadAction\",\"target\":[\"https:\/\/autovitecar.com\/product\/renault-express-2024\/\"]}]},{\"@type\":\"ImageObject\",\"inLanguage\":\"fr-FR\",\"@id\":\"https:\/\/autovitecar.com\/product\/renault-express-2024\/#primaryimage\",\"url\":\"https:\/\/autovitecar.com\/wp-content\/uploads\/2018\/08\/Screen-Shot-2025-04-09-at-21.03.21-1.png\",\"contentUrl\":\"https:\/\/autovitecar.com\/wp-content\/uploads\/2018\/08\/Screen-Shot-2025-04-09-at-21.03.21-1.png\",\"width\":1278,\"height\":1062},{\"@type\":\"BreadcrumbList\",\"@id\":\"https:\/\/autovitecar.com\/product\/renault-express-2024\/#breadcrumb\",\"itemListElement\":[{\"@type\":\"ListItem\",\"position\":1,\"name\":\"Home\",\"item\":\"https:\/\/autovitecar.com\/\"},{\"@type\":\"ListItem\",\"position\":2,\"name\":\"Shop\",\"item\":\"https:\/\/autovitecar.com\/shop-2\/\"},{\"@type\":\"ListItem\",\"position\":3,\"name\":\"Renault Express 2024\"}]},{\"@type\":\"WebSite\",\"@id\":\"https:\/\/autovitecar.com\/#website\",\"url\":\"https:\/\/autovitecar.com\/\",\"name\":\"Auto Vite Car\",\"description\":\"Agence de location voiture Agadir\",\"potentialAction\":[{\"@type\":\"SearchAction\",\"target\":{\"@type\":\"EntryPoint\",\"urlTemplate\":\"https:\/\/autovitecar.com\/?s={search_term_string}\"},\"query-input\":{\"@type\":\"PropertyValueSpecification\",\"valueRequired\":true,\"valueName\":\"search_term_string\"}}],\"inLanguage\":\"fr-FR\"}]}<\/script>\n<!-- \/ Yoast SEO plugin. -->","yoast_head_json":{"title":"Renault Express 2024 - Auto Vite Car","description":"Renault Express 2024 de location est capable de contenir jusqu'\u00e0 3 m\u00e8tres cubes de charges. Que vous soyez un professionnel ou un particulier au Maroc,","robots":{"index":"index","follow":"follow","max-snippet":"max-snippet:-1","max-image-preview":"max-image-preview:large","max-video-preview":"max-video-preview:-1"},"canonical":"https:\/\/autovitecar.com\/fr\/product\/renault-express-2024\/","og_locale":"fr_FR","og_type":"article","og_title":"Renault Express 2024 - Auto Vite Car","og_description":"Renault Express 2024 de location est capable de contenir jusqu'\u00e0 3 m\u00e8tres cubes de charges. Que vous soyez un professionnel ou un particulier au Maroc,","og_url":"https:\/\/autovitecar.com\/fr\/product\/renault-express-2024\/","og_site_name":"Auto Vite Car","article_modified_time":"2025-04-09T20:21:59+00:00","og_image":[{"width":1278,"height":1062,"url":"https:\/\/autovitecar.com\/wp-content\/uploads\/2018\/08\/Screen-Shot-2025-04-09-at-21.03.21-1.png","type":"image\/png"}],"twitter_card":"summary_large_image","twitter_misc":{"Dur\u00e9e de lecture estim\u00e9e":"2 minutes"},"schema":{"@context":"https:\/\/schema.org","@graph":[{"@type":"WebPage","@id":"https:\/\/autovitecar.com\/product\/renault-express-2024\/","url":"https:\/\/autovitecar.com\/product\/renault-express-2024\/","name":"Renault Express 2024 - Auto Vite Car","isPartOf":{"@id":"https:\/\/autovitecar.com\/#website"},"primaryImageOfPage":{"@id":"https:\/\/autovitecar.com\/product\/renault-express-2024\/#primaryimage"},"image":{"@id":"https:\/\/autovitecar.com\/product\/renault-express-2024\/#primaryimage"},"thumbnailUrl":"https:\/\/autovitecar.com\/wp-content\/uploads\/2018\/08\/Screen-Shot-2025-04-09-at-21.03.21-1.png","datePublished":"2018-08-02T09:04:34+00:00","dateModified":"2025-04-09T20:21:59+00:00","description":"Renault Express 2024 de location est capable de contenir jusqu'\u00e0 3 m\u00e8tres cubes de charges. Que vous soyez un professionnel ou un particulier au Maroc,","breadcrumb":{"@id":"https:\/\/autovitecar.com\/product\/renault-express-2024\/#breadcrumb"},"inLanguage":"fr-FR","potentialAction":[{"@type":"ReadAction","target":["https:\/\/autovitecar.com\/product\/renault-express-2024\/"]}]},{"@type":"ImageObject","inLanguage":"fr-FR","@id":"https:\/\/autovitecar.com\/product\/renault-express-2024\/#primaryimage","url":"https:\/\/autovitecar.com\/wp-content\/uploads\/2018\/08\/Screen-Shot-2025-04-09-at-21.03.21-1.png","contentUrl":"https:\/\/autovitecar.com\/wp-content\/uploads\/2018\/08\/Screen-Shot-2025-04-09-at-21.03.21-1.png","width":1278,"height":1062},{"@type":"BreadcrumbList","@id":"https:\/\/autovitecar.com\/product\/renault-express-2024\/#breadcrumb","itemListElement":[{"@type":"ListItem","position":1,"name":"Home","item":"https:\/\/autovitecar.com\/"},{"@type":"ListItem","position":2,"name":"Shop","item":"https:\/\/autovitecar.com\/shop-2\/"},{"@type":"ListItem","position":3,"name":"Renault Express 2024"}]},{"@type":"WebSite","@id":"https:\/\/autovitecar.com\/#website","url":"https:\/\/autovitecar.com\/","name":"Auto Vite Car","description":"Agence de location voiture Agadir","potentialAction":[{"@type":"SearchAction","target":{"@type":"EntryPoint","urlTemplate":"https:\/\/autovitecar.com\/?s={search_term_string}"},"query-input":{"@type":"PropertyValueSpecification","valueRequired":true,"valueName":"search_term_string"}}],"inLanguage":"fr-FR"}]}},"jetpack_sharing_enabled":true,"_links":{"self":[{"href":"http:\/\/autovitecar.com\/fr\/wp-json\/wp\/v2\/product\/1614","targetHints":{"allow":["GET"]}}],"collection":[{"href":"http:\/\/autovitecar.com\/fr\/wp-json\/wp\/v2\/product"}],"about":[{"href":"http:\/\/autovitecar.com\/fr\/wp-json\/wp\/v2\/types\/product"}],"wp:featuredmedia":[{"embeddable":true,"href":"http:\/\/autovitecar.com\/fr\/wp-json\/wp\/v2\/media\/3521"}],"wp:attachment":[{"href":"http:\/\/autovitecar.com\/fr\/wp-json\/wp\/v2\/media?parent=1614"}],"wp:term":[{"taxonomy":"product_brand","embeddable":true,"href":"http:\/\/autovitecar.com\/fr\/wp-json\/wp\/v2\/product_brand?post=1614"},{"taxonomy":"product_cat","embeddable":true,"href":"http:\/\/autovitecar.com\/fr\/wp-json\/wp\/v2\/product_cat?post=1614"},{"taxonomy":"product_tag","embeddable":true,"href":"http:\/\/autovitecar.com\/fr\/wp-json\/wp\/v2\/product_tag?post=1614"}],"curies":[{"name":"wp","href":"https:\/\/api.w.org\/{rel}","templated":true}]}}